{"id":737,"date":"2025-03-24T12:59:56","date_gmt":"2025-03-24T12:59:56","guid":{"rendered":"https:\/\/brodriver.com\/website\/?page_id=737"},"modified":"2025-03-27T07:39:37","modified_gmt":"2025-03-27T07:39:37","slug":"faq","status":"publish","type":"page","link":"https:\/\/brodriver.com\/website\/faq\/","title":{"rendered":"Preguntas frecuentes"},"content":{"rendered":"<section class=\"wpb-content-wrapper\"><p>[vc_row][vc_column][vc_column_text]<\/p>\n<h2 style=\"text-align: center;\">\u00bfTienes alguna duda?<\/h2>\n<p style=\"text-align: center;\">Solo pincha sobre el nombre del producto que tienes y se te aclararan las dudas<\/p>\n<p>[\/vc_column_text][vc_tta_accordion style=&#8221;modern&#8221; active_section=&#8221;0&#8243; collapsible_all=&#8221;true&#8221;][vc_tta_section title=&#8221;Brodriver Dashcam&#8221; tab_id=&#8221;1742981144538-34818a59-2b91&#8243;][vc_column_text]<\/p>\n<h4><b>\u00bfNecesito comprar una c\u00e1mara para usar Brodriver Dashcam?<\/b><\/h4>\n<p><b>No.<\/b> Te ayudamos a crear tu propia Dashcam <b>sin invertir en hardware adicional<\/b>. Solo necesitas un smartphone o tablet Android que ya no est\u00e9s usando. Lo montas en el salpicadero, descargas la app, y listo: \u00a1ya tienes una dashcam inteligente y econ\u00f3mica!<\/p>\n<h4><b>\u00bfNecesito conexi\u00f3n a internet para grabar?<\/b><\/h4>\n<p><strong>No.<\/strong> La grabaci\u00f3n funciona sin conexi\u00f3n. Solo necesitas internet si quieres sincronizar con la nube (funci\u00f3n disponible pr\u00f3ximamente) o compartir los videos f\u00e1cilmente.<\/p>\n<h4><b>\u00bfQu\u00e9 informaci\u00f3n se guarda en los videos?<\/b><\/h4>\n<p>Los videos guardan <b>coordenadas GPS, nombre de la calle, fecha, hora, velocidad y duraci\u00f3n<\/b>, lo que los hace ideales como prueba ante aseguradoras o autoridades.<\/p>\n<h4><b>\u00bfQu\u00e9 pasa si tengo un iPhone y quiero usar la app?<\/b><\/h4>\n<p>La versi\u00f3n para iOS est\u00e1 en desarrollo. Si te registras ahora, podr\u00e1s obtener <b>acceso de por vida por solo 30\u202f\u20ac<\/b>, apoyando su lanzamiento y participando como tester.[\/vc_column_text][\/vc_tta_section][\/vc_tta_accordion][\/vc_column][\/vc_row][vc_row][vc_column][\/vc_column][\/vc_row]<\/p>\n<\/section>","protected":false},"excerpt":{"rendered":"<p>[vc_row][vc_column][vc_column_text] \u00bfTienes alguna duda? Solo pincha sobre el nombre del producto que tienes y se te aclararan las dudas [\/vc_column_text][vc_tta_accordion style=&#8221;modern&#8221; active_section=&#8221;0&#8243; collapsible_all=&#8221;true&#8221;][vc_tta_section title=&#8221;Brodriver Dashcam&#8221; tab_id=&#8221;1742981144538-34818a59-2b91&#8243;][vc_column_text] \u00bfNecesito comprar una c\u00e1mara para usar Brodriver Dashcam? No. Te ayudamos a crear tu propia Dashcam sin invertir en hardware adicional. Solo necesitas un smartphone o tablet Android que [&hellip;]<\/p>\n","protected":false},"author":1,"featured_media":0,"parent":0,"menu_order":0,"comment_status":"closed","ping_status":"closed","template":"","meta":{"footnotes":""},"class_list":["post-737","page","type-page","status-publish","hentry"],"yoast_head":"<!-- This site is optimized with the Yoast SEO plugin v27.6 - https:\/\/yoast.com\/product\/yoast-seo-wordpress\/ -->\n<title>Preguntas frecuentes - Brodriver<\/title>\n<meta name=\"description\" content=\"Resuelve todas tus dudas sobre Brodriver Dashcam: configuraci\u00f3n, compatibilidad, funciones y c\u00f3mo aprovechar al m\u00e1ximo tu dashcam.\" \/>\n<meta name=\"robots\" content=\"index, follow, max-snippet:-1, max-image-preview:large, max-video-preview:-1\" \/>\n<link rel=\"canonical\" href=\"https:\/\/brodriver.com\/website\/faq\/\" \/>\n<meta property=\"og:locale\" content=\"es_ES\" \/>\n<meta property=\"og:type\" content=\"article\" \/>\n<meta property=\"og:title\" content=\"Preguntas frecuentes - Brodriver\" \/>\n<meta property=\"og:description\" content=\"Resuelve todas tus dudas sobre Brodriver Dashcam: configuraci\u00f3n, compatibilidad, funciones y c\u00f3mo aprovechar al m\u00e1ximo tu dashcam.\" \/>\n<meta property=\"og:url\" content=\"https:\/\/brodriver.com\/website\/faq\/\" \/>\n<meta property=\"og:site_name\" content=\"Brodriver\" \/>\n<meta property=\"article:modified_time\" content=\"2025-03-27T07:39:37+00:00\" \/>\n<meta name=\"twitter:card\" content=\"summary_large_image\" \/>\n<meta name=\"twitter:label1\" content=\"Tiempo de lectura\" \/>\n\t<meta name=\"twitter:data1\" content=\"1 minuto\" \/>\n<script type=\"application\/ld+json\" class=\"yoast-schema-graph\">{\"@context\":\"https:\\\/\\\/schema.org\",\"@graph\":[{\"@type\":\"WebPage\",\"@id\":\"https:\\\/\\\/brodriver.com\\\/website\\\/faq\\\/\",\"url\":\"https:\\\/\\\/brodriver.com\\\/website\\\/faq\\\/\",\"name\":\"Preguntas frecuentes - Brodriver\",\"isPartOf\":{\"@id\":\"https:\\\/\\\/brodriver.com\\\/website\\\/#website\"},\"datePublished\":\"2025-03-24T12:59:56+00:00\",\"dateModified\":\"2025-03-27T07:39:37+00:00\",\"description\":\"Resuelve todas tus dudas sobre Brodriver Dashcam: configuraci\u00f3n, compatibilidad, funciones y c\u00f3mo aprovechar al m\u00e1ximo tu dashcam.\",\"breadcrumb\":{\"@id\":\"https:\\\/\\\/brodriver.com\\\/website\\\/faq\\\/#breadcrumb\"},\"inLanguage\":\"es\",\"potentialAction\":[{\"@type\":\"ReadAction\",\"target\":[\"https:\\\/\\\/brodriver.com\\\/website\\\/faq\\\/\"]}]},{\"@type\":\"BreadcrumbList\",\"@id\":\"https:\\\/\\\/brodriver.com\\\/website\\\/faq\\\/#breadcrumb\",\"itemListElement\":[{\"@type\":\"ListItem\",\"position\":1,\"name\":\"Portada\",\"item\":\"https:\\\/\\\/brodriver.com\\\/website\\\/\"},{\"@type\":\"ListItem\",\"position\":2,\"name\":\"Preguntas frecuentes\"}]},{\"@type\":\"WebSite\",\"@id\":\"https:\\\/\\\/brodriver.com\\\/website\\\/#website\",\"url\":\"https:\\\/\\\/brodriver.com\\\/website\\\/\",\"name\":\"Brodriver\",\"description\":\"\",\"potentialAction\":[{\"@type\":\"SearchAction\",\"target\":{\"@type\":\"EntryPoint\",\"urlTemplate\":\"https:\\\/\\\/brodriver.com\\\/website\\\/?s={search_term_string}\"},\"query-input\":{\"@type\":\"PropertyValueSpecification\",\"valueRequired\":true,\"valueName\":\"search_term_string\"}}],\"inLanguage\":\"es\"}]}<\/script>\n<!-- \/ Yoast SEO plugin. -->","yoast_head_json":{"title":"Preguntas frecuentes - Brodriver","description":"Resuelve todas tus dudas sobre Brodriver Dashcam: configuraci\u00f3n, compatibilidad, funciones y c\u00f3mo aprovechar al m\u00e1ximo tu dashcam.","robots":{"index":"index","follow":"follow","max-snippet":"max-snippet:-1","max-image-preview":"max-image-preview:large","max-video-preview":"max-video-preview:-1"},"canonical":"https:\/\/brodriver.com\/website\/faq\/","og_locale":"es_ES","og_type":"article","og_title":"Preguntas frecuentes - Brodriver","og_description":"Resuelve todas tus dudas sobre Brodriver Dashcam: configuraci\u00f3n, compatibilidad, funciones y c\u00f3mo aprovechar al m\u00e1ximo tu dashcam.","og_url":"https:\/\/brodriver.com\/website\/faq\/","og_site_name":"Brodriver","article_modified_time":"2025-03-27T07:39:37+00:00","twitter_card":"summary_large_image","twitter_misc":{"Tiempo de lectura":"1 minuto"},"schema":{"@context":"https:\/\/schema.org","@graph":[{"@type":"WebPage","@id":"https:\/\/brodriver.com\/website\/faq\/","url":"https:\/\/brodriver.com\/website\/faq\/","name":"Preguntas frecuentes - Brodriver","isPartOf":{"@id":"https:\/\/brodriver.com\/website\/#website"},"datePublished":"2025-03-24T12:59:56+00:00","dateModified":"2025-03-27T07:39:37+00:00","description":"Resuelve todas tus dudas sobre Brodriver Dashcam: configuraci\u00f3n, compatibilidad, funciones y c\u00f3mo aprovechar al m\u00e1ximo tu dashcam.","breadcrumb":{"@id":"https:\/\/brodriver.com\/website\/faq\/#breadcrumb"},"inLanguage":"es","potentialAction":[{"@type":"ReadAction","target":["https:\/\/brodriver.com\/website\/faq\/"]}]},{"@type":"BreadcrumbList","@id":"https:\/\/brodriver.com\/website\/faq\/#breadcrumb","itemListElement":[{"@type":"ListItem","position":1,"name":"Portada","item":"https:\/\/brodriver.com\/website\/"},{"@type":"ListItem","position":2,"name":"Preguntas frecuentes"}]},{"@type":"WebSite","@id":"https:\/\/brodriver.com\/website\/#website","url":"https:\/\/brodriver.com\/website\/","name":"Brodriver","description":"","potentialAction":[{"@type":"SearchAction","target":{"@type":"EntryPoint","urlTemplate":"https:\/\/brodriver.com\/website\/?s={search_term_string}"},"query-input":{"@type":"PropertyValueSpecification","valueRequired":true,"valueName":"search_term_string"}}],"inLanguage":"es"}]}},"_links":{"self":[{"href":"https:\/\/brodriver.com\/website\/wp-json\/wp\/v2\/pages\/737","targetHints":{"allow":["GET"]}}],"collection":[{"href":"https:\/\/brodriver.com\/website\/wp-json\/wp\/v2\/pages"}],"about":[{"href":"https:\/\/brodriver.com\/website\/wp-json\/wp\/v2\/types\/page"}],"author":[{"embeddable":true,"href":"https:\/\/brodriver.com\/website\/wp-json\/wp\/v2\/users\/1"}],"replies":[{"embeddable":true,"href":"https:\/\/brodriver.com\/website\/wp-json\/wp\/v2\/comments?post=737"}],"version-history":[{"count":7,"href":"https:\/\/brodriver.com\/website\/wp-json\/wp\/v2\/pages\/737\/revisions"}],"predecessor-version":[{"id":747,"href":"https:\/\/brodriver.com\/website\/wp-json\/wp\/v2\/pages\/737\/revisions\/747"}],"wp:attachment":[{"href":"https:\/\/brodriver.com\/website\/wp-json\/wp\/v2\/media?parent=737"}],"curies":[{"name":"wp","href":"https:\/\/api.w.org\/{rel}","templated":true}]}}