{"id":638,"date":"2025-03-12T07:37:39","date_gmt":"2025-03-12T07:37:39","guid":{"rendered":"https:\/\/brodriver.com\/website\/?page_id=638"},"modified":"2025-03-27T09:49:26","modified_gmt":"2025-03-27T09:49:26","slug":"costcontrol-gestion-de-gastos","status":"publish","type":"page","link":"https:\/\/brodriver.com\/website\/costcontrol-gestion-de-gastos\/","title":{"rendered":"Gesti\u00f3n de gastos"},"content":{"rendered":"<section class=\"wpb-content-wrapper\"><p>[vc_row content_placement=&#8221;middle&#8221; css_animation=&#8221;fadeInUp&#8221; css=&#8221;.vc_custom_1741876841135{margin-top: -80px !important;padding-bottom: 20px !important;}&#8221; el_class=&#8221;versionMovil&#8221;][vc_column][vc_column_text]<\/p>\n<h3 style=\"text-align: center;\">Optimiza y controla los gastos de tu flota en tiempo real<\/h3>\n<p>[\/vc_column_text][vc_btn title=&#8221;SOLICITE UNA PRUEBA GRATIS&#8221; style=&#8221;flat&#8221; color=&#8221;success&#8221; size=&#8221;lg&#8221; align=&#8221;center&#8221; css_animation=&#8221;none&#8221; css=&#8221;.vc_custom_1741860072900{padding-top: 10px !important;}&#8221; link=&#8221;url:%23contactanos&#8221;][\/vc_column][vc_column][\/vc_column][vc_column][vc_row_inner][vc_column_inner width=&#8221;1\/4&#8243;][\/vc_column_inner][vc_column_inner width=&#8221;1\/2&#8243;][vc_single_image image=&#8221;713&#8243; img_size=&#8221;large&#8221; alignment=&#8221;center&#8221; style=&#8221;vc_box_shadow&#8221;][vc_column_text]<\/p>\n<h3 style=\"text-align: center;\">\u00bfQu\u00e9 es CostControl?<\/h3>\n<p>[\/vc_column_text][vc_column_text css=&#8221;.vc_custom_1741796403561{padding-top: 0px !important;}&#8221;]<\/p>\n<p style=\"text-align: left; font-size: 15px; line-height: 2.5; margin-left: 25px; margin-right: 25px;\">CostControl es la soluci\u00f3n perfecta para empresas de transporte que buscan un control total de los gastos en ruta. Con nuestra plataforma, los conductores suben facturas f\u00e1cilmente desde la app m\u00f3vil, y las empresas gestionan costos en tiempo real desde el panel de control.<\/p>\n<p style=\"text-align: left; font-size: 15px; line-height: 2.5; margin-left: 25px; margin-right: 25px;\">Simplifica la administraci\u00f3n de tus flotas, evita p\u00e9rdidas por errores humanos y optimiza la rentabilidad de cada viaje. Con reportes detallados, automatizaci\u00f3n inteligente y una interfaz intuitiva, CostControl te ayuda a tomar decisiones basadas en datos y mejorar la eficiencia operativa de tu empresa.<\/p>\n<p>[\/vc_column_text][\/vc_column_inner][vc_column_inner width=&#8221;1\/4&#8243;][\/vc_column_inner][\/vc_row_inner][\/vc_column][vc_column][vc_row_inner][vc_column_inner width=&#8221;1\/4&#8243;][\/vc_column_inner][vc_column_inner width=&#8221;1\/2&#8243;][vc_single_image image=&#8221;714&#8243; img_size=&#8221;large&#8221; alignment=&#8221;center&#8221; style=&#8221;vc_box_shadow&#8221;][vc_column_text]<\/p>\n<h3 style=\"text-align: center;\">\u00bfPor qu\u00e9 usar CostControl?<\/h3>\n<p>[\/vc_column_text][vc_column_text]<\/p>\n<p style=\"font-size: 15px; line-height: 2.5; margin-left: 25px; margin-right: 25px;\">\u2705 <strong data-start=\"1232\" data-end=\"1259\">Gesti\u00f3n f\u00e1cil de gastos<\/strong>: Sube facturas en segundos desde la app.<br data-start=\"1300\" data-end=\"1303\" \/>\u2705 <strong data-start=\"1308\" data-end=\"1338\">Seguimiento en tiempo real<\/strong>: Controla los costos de cada viaje al instante.<br data-start=\"1386\" data-end=\"1389\" \/>\u2705 <strong data-start=\"1394\" data-end=\"1420\">Automatizaci\u00f3n con OCR<\/strong>: Captura datos de facturas m\u00e1s efectiva.<br data-start=\"1460\" data-end=\"1463\" \/>\u2705 <strong data-start=\"1468\" data-end=\"1491\">Reportes detallados<\/strong>: Accede a estad\u00edsticas clave sobre tu flota.<br data-start=\"1536\" data-end=\"1539\" \/>\u2705 <strong data-start=\"1544\" data-end=\"1571\">Optimizaci\u00f3n financiera<\/strong>: Reduce costos operativos con mejor control.<\/p>\n<p>[\/vc_column_text][\/vc_column_inner][vc_column_inner width=&#8221;1\/4&#8243;][\/vc_column_inner][\/vc_row_inner][\/vc_column][vc_column][vc_row_inner][vc_column_inner width=&#8221;1\/4&#8243;][\/vc_column_inner][vc_column_inner width=&#8221;1\/2&#8243;][vc_single_image image=&#8221;715&#8243; img_size=&#8221;large&#8221; alignment=&#8221;center&#8221; style=&#8221;vc_box_shadow&#8221;][vc_column_text]<\/p>\n<h3 style=\"text-align: center;\">\u00bfC\u00f3mo Funciona?<\/h3>\n<p>[\/vc_column_text][vc_column_text]<\/p>\n<p style=\"font-size: 15px; line-height: 2.5; margin-left: 25px; margin-right: 25px;\">\n1\ufe0f\u20e3 <strong>Registro r\u00e1pido:<\/strong> A\u00f1ade tu empresa, camiones y conductores en minutos.<br \/>\n2\ufe0f\u20e3 <strong>Facturas en el camino:<\/strong> Los conductores suben gastos f\u00e1cilmente desde la app.<br \/>\n3\ufe0f\u20e3 <strong>Control en tiempo real:<\/strong> Supervisa y gestiona costos al instante.[\/vc_column_text][vc_single_image image=&#8221;731&#8243; img_size=&#8221;medium&#8221; alignment=&#8221;center&#8221; onclick=&#8221;custom_link&#8221; link=&#8221;https:\/\/bit.ly\/4laKY8C&#8221;][\/vc_column_inner][vc_column_inner width=&#8221;1\/4&#8243;][\/vc_column_inner][\/vc_row_inner][\/vc_column][\/vc_row][vc_row][vc_column][vc_column_text css=&#8221;.vc_custom_1741855165122{padding-bottom: 0px !important;}&#8221;]<\/p>\n<h3 style=\"text-align: center;\">Nuestros Planes<\/h3>\n<p>&nbsp;[\/vc_column_text][vc_tta_tabs style=&#8221;modern&#8221; alignment=&#8221;center&#8221; active_section=&#8221;1&#8243; pagination_style=&#8221;outline-round&#8221;][vc_tta_section title=&#8221;Mensual&#8221; tab_id=&#8221;1741854821142-a1d8e327-4b74&#8243;][vc_row_inner css=&#8221;.vc_custom_1741857442687{padding-top: 50px !important;}&#8221;][vc_column_inner width=&#8221;1\/3&#8243;]<div class=\"price-table  res-margin\">\r\n\t\t\t\t\t<div class=\"icon\">\r\n\t\t\t\t\t<img decoding=\"async\" src=\"https:\/\/brodriver.com\/website\/wp-content\/uploads\/2025\/03\/5-Trucks.png\" alt=\"\" \/>\r\n\t\t\t\t\t<\/div>\r\n\t\t\t\t\t<h3 class=\"plan-type\">Hasta 5 camiones<\/h3>\r\n\t\t\t\t\t<h2 class=\"plan-price\">39\u20ac + IVA<\/h2>\r\n\t\t\t\t\t<p><\/p>\n<div style=\"display: flex; justify-content: center;\">\n<p style=\"font-size: 20px; line-height: 2.5; text-align: left; margin-left: 2vw;\">\u2705 Registro de camiones<br \/>\n\u2705 Registro de conductores<br \/>\n\u2705 Carga de facturas inteligentes<br \/>\n\u2705 Reportes y estad\u00edsticas<\/p>\n<\/div>\n<p><\/p>\r\n\t\t\t\t\t<p class=\"mb-0\"><a class=\"btn\" href=\"\" >Suscriibirme<\/a><\/p>\r\n\t\t\t\t\t\r\n\t\t\t\t<\/div>[\/vc_column_inner][vc_column_inner width=&#8221;1\/3&#8243;]<div class=\"price-table plan-popular mb-4 mb-sm-5 mb-lg-0 res-margin\">\r\n\t\t\t\t\t<div class=\"icon\">\r\n\t\t\t\t\t<img decoding=\"async\" src=\"https:\/\/brodriver.com\/website\/wp-content\/uploads\/2025\/03\/10-Trucks.png\" alt=\"\" \/>\r\n\t\t\t\t\t<\/div>\r\n\t\t\t\t\t<h3 class=\"plan-type\">Hasta 25 camiones<\/h3>\r\n\t\t\t\t\t<h2 class=\"plan-price\">89\u20ac + IVA<\/h2>\r\n\t\t\t\t\t<p><\/p>\n<div style=\"display: flex; justify-content: center;\">\n<p style=\"font-size: 20px; line-height: 2.5; text-align: left; margin-left: 2vw;\">\u2705 Registro de camiones<br \/>\n\u2705 Registro de conductores<br \/>\n\u2705 Carga de facturas inteligentes<br \/>\n\u2705 Reportes y estad\u00edsticas<\/p>\n<\/div>\n<p><\/p>\r\n\t\t\t\t\t<p class=\"mb-0\"><a class=\"btn\" href=\"\" >Suscribirme<\/a><\/p>\r\n\t\t\t\t\t<div class=\"card-ribbon\"><span>Popular<\/span><\/div>\r\n\t\t\t\t<\/div>[\/vc_column_inner][vc_column_inner width=&#8221;1\/3&#8243;]<div class=\"price-table  res-margin\">\r\n\t\t\t\t\t<div class=\"icon\">\r\n\t\t\t\t\t<img decoding=\"async\" src=\"https:\/\/brodriver.com\/website\/wp-content\/uploads\/2025\/03\/Custom.png\" alt=\"\" \/>\r\n\t\t\t\t\t<\/div>\r\n\t\t\t\t\t<h3 class=\"plan-type\">Personalizado<\/h3>\r\n\t\t\t\t\t<h2 class=\"plan-price\">Presupuesto a medida<\/h2>\r\n\t\t\t\t\t<p><\/p>\n<div style=\"display: flex; justify-content: center;\">\n<p style=\"font-size: 20px; line-height: 2.5; text-align: left; margin-left: 2vw;\">\u2705 Registro de camiones<br \/>\n\u2705 Registro de conductores<br \/>\n\u2705 Carga de facturas inteligentes<br \/>\n\u2705 Reportes y estad\u00edsticas<\/p>\n<\/div>\n<p><\/p>\r\n\t\t\t\t\t<p class=\"mb-0\"><a class=\"btn\" href=\"#contactanos\" >Consultanos<\/a><\/p>\r\n\t\t\t\t\t\r\n\t\t\t\t<\/div>[\/vc_column_inner][\/vc_row_inner][\/vc_tta_section][vc_tta_section title=&#8221;Anual&#8221; tab_id=&#8221;1741854821143-25d3cc80-de41&#8243;][vc_row_inner css=&#8221;.vc_custom_1741857427629{padding-top: 50px !important;}&#8221;][vc_column_inner width=&#8221;1\/3&#8243;]<div class=\"price-table  res-margin\">\r\n\t\t\t\t\t<div class=\"icon\">\r\n\t\t\t\t\t<img decoding=\"async\" src=\"https:\/\/brodriver.com\/website\/wp-content\/uploads\/2025\/03\/5-Trucks.png\" alt=\"\" \/>\r\n\t\t\t\t\t<\/div>\r\n\t\t\t\t\t<h3 class=\"plan-type\">Hasta 5 camiones<\/h3>\r\n\t\t\t\t\t<h2 class=\"plan-price\">420\u20ac + IVA<\/h2>\r\n\t\t\t\t\t<p><\/p>\n<div style=\"display: flex; justify-content: center;\">\n<p style=\"font-size: 20px; line-height: 2.5; text-align: left; margin-left: 2vw;\"><strong>Antes<\/strong> <del>468\u20ac<\/del><br \/>\n<strong>Descuento<\/strong> <span style=\"color: #ff0000;\"><strong>10%<\/strong><\/span><br \/>\n\u2705 Registro de camiones<br \/>\n\u2705 Registro de conductores<br \/>\n\u2705 Carga de facturas inteligentes<br \/>\n\u2705 Reportes y estad\u00edsticas<\/p>\n<\/div>\n<p><\/p>\r\n\t\t\t\t\t<p class=\"mb-0\"><a class=\"btn\" href=\"\" >Suscriibirme<\/a><\/p>\r\n\t\t\t\t\t\r\n\t\t\t\t<\/div>[\/vc_column_inner][vc_column_inner width=&#8221;1\/3&#8243;]<div class=\"price-table plan-popular mb-4 mb-sm-5 mb-lg-0 res-margin\">\r\n\t\t\t\t\t<div class=\"icon\">\r\n\t\t\t\t\t<img decoding=\"async\" src=\"https:\/\/brodriver.com\/website\/wp-content\/uploads\/2025\/03\/10-Trucks.png\" alt=\"\" \/>\r\n\t\t\t\t\t<\/div>\r\n\t\t\t\t\t<h3 class=\"plan-type\">Hasta 25 camiones<\/h3>\r\n\t\t\t\t\t<h2 class=\"plan-price\">854\u20ac + IVA<\/h2>\r\n\t\t\t\t\t<p><\/p>\n<div style=\"display: flex; justify-content: center;\">\n<p style=\"font-size: 20px; line-height: 2.5; text-align: left; margin-left: 2vw;\"><strong>Antes<\/strong> <del>1068\u20ac<\/del><br \/>\n<strong>Descuento <\/strong><span style=\"color: #ff0000;\"><strong>20%<\/strong><\/span><br \/>\n\u2705 Registro de camiones<br \/>\n\u2705 Registro de conductores<br \/>\n\u2705 Carga de facturas inteligentes<br \/>\n\u2705 Reportes y estad\u00edsticas<\/p>\n<\/div>\n<p><\/p>\r\n\t\t\t\t\t<p class=\"mb-0\"><a class=\"btn\" href=\"\" >Suscribirme<\/a><\/p>\r\n\t\t\t\t\t<div class=\"card-ribbon\"><span>Popular<\/span><\/div>\r\n\t\t\t\t<\/div>[\/vc_column_inner][vc_column_inner width=&#8221;1\/3&#8243;]<div class=\"price-table  res-margin\">\r\n\t\t\t\t\t<div class=\"icon\">\r\n\t\t\t\t\t<img decoding=\"async\" src=\"https:\/\/brodriver.com\/website\/wp-content\/uploads\/2025\/03\/Custom.png\" alt=\"\" \/>\r\n\t\t\t\t\t<\/div>\r\n\t\t\t\t\t<h3 class=\"plan-type\">Personalizado<\/h3>\r\n\t\t\t\t\t<h2 class=\"plan-price\">Presupuesto a medida<\/h2>\r\n\t\t\t\t\t<p><\/p>\n<div style=\"display: flex; justify-content: center;\">\n<p style=\"font-size: 20px; line-height: 2.5; text-align: left; margin-left: 2vw;\">\u2705 Registro de camiones<br \/>\n\u2705 Registro de conductores<br \/>\n\u2705 Carga de facturas inteligentes<br \/>\n\u2705 Reportes y estad\u00edsticas<\/p>\n<\/div>\n<p><\/p>\r\n\t\t\t\t\t<p class=\"mb-0\"><a class=\"btn\" href=\"#contactanos\" >Consultanos<\/a><\/p>\r\n\t\t\t\t\t\r\n\t\t\t\t<\/div>[\/vc_column_inner][\/vc_row_inner][\/vc_tta_section][\/vc_tta_tabs][\/vc_column][\/vc_row][vc_row][vc_column width=&#8221;1\/4&#8243;][\/vc_column][vc_column width=&#8221;1\/2&#8243;][vc_column_text]<\/p>\n<h3 style=\"text-align: center;\">Comienza a optimizar tu flota hoy mismo<\/h3>\n<p style=\"text-align: center;\">D\u00e9janos tu mensaje y nos pondremos en contacto contigo lo antes posible<\/p>\n<p>[\/vc_column_text]\n<div class=\"wpcf7 no-js\" id=\"wpcf7-f666-o1\" lang=\"es-ES\" dir=\"ltr\" data-wpcf7-id=\"666\">\n<div class=\"screen-reader-response\"><p role=\"status\" aria-live=\"polite\" aria-atomic=\"true\"><\/p> <ul><\/ul><\/div>\n<form action=\"\/website\/wp-json\/wp\/v2\/pages\/638#wpcf7-f666-o1\" method=\"post\" class=\"wpcf7-form init\" aria-label=\"Formulario de contacto\" novalidate=\"novalidate\" data-status=\"init\">\n<fieldset class=\"hidden-fields-container\"><input type=\"hidden\" name=\"_wpcf7\" value=\"666\" \/><input type=\"hidden\" name=\"_wpcf7_version\" value=\"6.1.5\" \/><input type=\"hidden\" name=\"_wpcf7_locale\" value=\"es_ES\" \/><input type=\"hidden\" name=\"_wpcf7_unit_tag\" value=\"wpcf7-f666-o1\" \/><input type=\"hidden\" name=\"_wpcf7_container_post\" value=\"0\" \/><input type=\"hidden\" name=\"_wpcf7_posted_data_hash\" value=\"\" \/><input type=\"hidden\" name=\"_wpcf7_recaptcha_response\" value=\"\" \/>\n<\/fieldset>\n<div class=\"col-12\">\n\t<div class=\"form-group\">\n\t\t<p><label>Nombre<br \/>\n<span class=\"wpcf7-form-control-wrap\" data-name=\"tu-nombre\"><input size=\"40\" maxlength=\"400\" class=\"wpcf7-form-control wpcf7-text wpcf7-validates-as-required inputs\" aria-required=\"true\" aria-invalid=\"false\" placeholder=\"Escribe tu nombre\" value=\"\" type=\"text\" name=\"tu-nombre\" \/><\/span><\/label>\n\t\t<\/p>\n\t<\/div>\n<\/div>\n<div class=\"col-12\">\n\t<div class=\"form-group\">\n\t\t<p><label>Email <span class=\"wpcf7-form-control-wrap\" data-name=\"tu-email\"><input size=\"40\" maxlength=\"400\" class=\"wpcf7-form-control wpcf7-email wpcf7-validates-as-required wpcf7-text wpcf7-validates-as-email form-control\" aria-required=\"true\" aria-invalid=\"false\" placeholder=\"Escribe tu email\" value=\"\" type=\"email\" name=\"tu-email\" \/><\/span><\/label>\n\t\t<\/p>\n\t<\/div>\n<\/div>\n<div class=\"col-12\">\n\t<div class=\"form-group\">\n\t\t<p><label>Tel\u00e9fono <span class=\"wpcf7-form-control-wrap\" data-name=\"tu-telefono\"><input size=\"40\" maxlength=\"400\" class=\"wpcf7-form-control wpcf7-text wpcf7-validates-as-required form-control\" aria-required=\"true\" aria-invalid=\"false\" placeholder=\"Escribe tu tel\u00e9fono\" value=\"\" type=\"text\" name=\"tu-telefono\" \/><\/span><\/label>\n\t\t<\/p>\n\t<\/div>\n<\/div>\n<div class=\"col-12\">\n\t<div class=\"form-group\">\n\t\t<p><label>Empresa<span class=\"wpcf7-form-control-wrap\" data-name=\"tu-empresa\"><input size=\"40\" maxlength=\"400\" class=\"wpcf7-form-control wpcf7-text wpcf7-validates-as-required form-control\" aria-required=\"true\" aria-invalid=\"false\" placeholder=\"Nombre de la empresa\" value=\"\" type=\"text\" name=\"tu-empresa\" \/><\/span><\/label>\n\t\t<\/p>\n\t<\/div>\n<\/div>\n<div class=\"col-12\">\n\t<div class=\"form-group\">\n\t\t<p><label>\u00bfDesde qu\u00e9 pa\u00eds nos ves? <span class=\"wpcf7-form-control-wrap\" data-name=\"tu-pais\"><select class=\"wpcf7-form-control wpcf7-select wpcf7-validates-as-required form-control\" id=\"tu-pais\" aria-required=\"true\" aria-invalid=\"false\" name=\"tu-pais\"><option value=\"\">&#8212;Por favor, elige una opci\u00f3n&#8212;<\/option><option value=\"Argentina\">Argentina<\/option><option value=\"Belgium\">Belgium<\/option><option value=\"Bol\u00edvia\">Bol\u00edvia<\/option><option value=\"Brazil\">Brazil<\/option><option value=\"Canada\">Canada<\/option><option value=\"Espa\u00f1a\">Espa\u00f1a<\/option><option value=\"Ecuador\">Ecuador<\/option><option value=\"France\">France<\/option><option value=\"Germany\">Germany<\/option><option value=\"Italy\">Italy<\/option><option value=\"Mexico\">Mexico<\/option><option value=\"Netherlands\">Netherlands<\/option><option value=\"Per\u00fa\">Per\u00fa<\/option><option value=\"Poland\">Poland<\/option><option value=\"Portugal\">Portugal<\/option><option value=\"Romania\">Romania<\/option><option value=\"Switzerland\">Switzerland<\/option><option value=\"United Kingdom\">United Kingdom<\/option><option value=\"United States\">United States<\/option><option value=\"Otro\">Otro<\/option><\/select><\/span><\/label>\n\t\t<\/p>\n\t<\/div>\n<\/div>\n<div class=\"col-12\">\n\t<div class=\"form-group\">\n\t\t<p><label>Comentarios <span class=\"wpcf7-form-control-wrap\" data-name=\"comentarios\"><textarea cols=\"40\" rows=\"10\" maxlength=\"2000\" class=\"wpcf7-form-control wpcf7-textarea form-control\" id=\"comentarios\" aria-invalid=\"false\" name=\"comentarios\"><\/textarea><\/span><\/label>\n\t\t<\/p>\n\t<\/div>\n<\/div>\n<div class=\"row\">\n\t<div class=\"col-12 mt-2\">\n\t\t<p><span class=\"wpcf7-form-control-wrap\" data-name=\"opt-in\"><span class=\"wpcf7-form-control wpcf7-acceptance\"><span class=\"wpcf7-list-item\"><input type=\"checkbox\" name=\"opt-in\" value=\"1\" aria-invalid=\"false\" \/><\/span><\/span><\/span> He le\u00eddo las <a href=\"\/website\/politicas-privacidad\/\" target=\"_blank\">pol\u00edtica de privacidad<\/a> y la <a href=\"\/website\/politicas-cookies\/\" target=\"_blank\">pol\u00edtica de cookies<\/a> la cual acepto sin reservas.<br \/>\n<br \/>\n<input class=\"wpcf7-form-control wpcf7-submit has-spinner btn\" id=\"btnEnviar\" type=\"submit\" value=\"ENVIAR\" \/>\n\t\t<\/p>\n\t<\/div>\n<\/div><div class=\"wpcf7-response-output\" aria-hidden=\"true\"><\/div>\n<\/form>\n<\/div>\n[\/vc_column][vc_column width=&#8221;1\/4&#8243;][\/vc_column][\/vc_row][vc_row][vc_column][\/vc_column][\/vc_row]<\/p>\n<\/section>","protected":false},"excerpt":{"rendered":"<p>[vc_row content_placement=&#8221;middle&#8221; css_animation=&#8221;fadeInUp&#8221; css=&#8221;.vc_custom_1741876841135{margin-top: -80px !important;padding-bottom: 20px !important;}&#8221; el_class=&#8221;versionMovil&#8221;][vc_column][vc_column_text] Optimiza y controla los gastos de tu flota en tiempo real [\/vc_column_text][vc_btn title=&#8221;SOLICITE UNA PRUEBA GRATIS&#8221; style=&#8221;flat&#8221; color=&#8221;success&#8221; size=&#8221;lg&#8221; align=&#8221;center&#8221; css_animation=&#8221;none&#8221; css=&#8221;.vc_custom_1741860072900{padding-top: 10px !important;}&#8221; link=&#8221;url:%23contactanos&#8221;][\/vc_column][vc_column][\/vc_column][vc_column][vc_row_inner][vc_column_inner width=&#8221;1\/4&#8243;][\/vc_column_inner][vc_column_inner width=&#8221;1\/2&#8243;][vc_single_image image=&#8221;713&#8243; img_size=&#8221;large&#8221; alignment=&#8221;center&#8221; style=&#8221;vc_box_shadow&#8221;][vc_column_text] \u00bfQu\u00e9 es CostControl? [\/vc_column_text][vc_column_text css=&#8221;.vc_custom_1741796403561{padding-top: 0px !important;}&#8221;] CostControl es la soluci\u00f3n perfecta para empresas de [&hellip;]<\/p>\n","protected":false},"author":1,"featured_media":0,"parent":0,"menu_order":0,"comment_status":"closed","ping_status":"closed","template":"","meta":{"footnotes":""},"class_list":["post-638","page","type-page","status-publish","hentry"],"yoast_head":"<!-- This site is optimized with the Yoast SEO plugin v27.6 - https:\/\/yoast.com\/product\/yoast-seo-wordpress\/ -->\n<title>Gesti\u00f3n de gastos - Brodriver<\/title>\n<meta name=\"description\" content=\"CostControl de Brodriver es una herramienta que optimiza y controla los gastos de tu flota en tiempo real.\" \/>\n<meta name=\"robots\" content=\"index, follow, max-snippet:-1, max-image-preview:large, max-video-preview:-1\" \/>\n<link rel=\"canonical\" href=\"https:\/\/brodriver.com\/website\/costcontrol-gestion-de-gastos\/\" \/>\n<meta property=\"og:locale\" content=\"es_ES\" \/>\n<meta property=\"og:type\" content=\"article\" \/>\n<meta property=\"og:title\" content=\"Gesti\u00f3n de gastos - Brodriver\" \/>\n<meta property=\"og:description\" content=\"CostControl de Brodriver es una herramienta que optimiza y controla los gastos de tu flota en tiempo real.\" \/>\n<meta property=\"og:url\" content=\"https:\/\/brodriver.com\/website\/costcontrol-gestion-de-gastos\/\" \/>\n<meta property=\"og:site_name\" content=\"Brodriver\" \/>\n<meta property=\"article:modified_time\" content=\"2025-03-27T09:49:26+00:00\" \/>\n<meta name=\"twitter:card\" content=\"summary_large_image\" \/>\n<meta name=\"twitter:label1\" content=\"Tiempo de lectura\" \/>\n\t<meta name=\"twitter:data1\" content=\"3 minutos\" \/>\n<script type=\"application\/ld+json\" class=\"yoast-schema-graph\">{\"@context\":\"https:\\\/\\\/schema.org\",\"@graph\":[{\"@type\":\"WebPage\",\"@id\":\"https:\\\/\\\/brodriver.com\\\/website\\\/costcontrol-gestion-de-gastos\\\/\",\"url\":\"https:\\\/\\\/brodriver.com\\\/website\\\/costcontrol-gestion-de-gastos\\\/\",\"name\":\"Gesti\u00f3n de gastos - Brodriver\",\"isPartOf\":{\"@id\":\"https:\\\/\\\/brodriver.com\\\/website\\\/#website\"},\"datePublished\":\"2025-03-12T07:37:39+00:00\",\"dateModified\":\"2025-03-27T09:49:26+00:00\",\"description\":\"CostControl de Brodriver es una herramienta que optimiza y controla los gastos de tu flota en tiempo real.\",\"breadcrumb\":{\"@id\":\"https:\\\/\\\/brodriver.com\\\/website\\\/costcontrol-gestion-de-gastos\\\/#breadcrumb\"},\"inLanguage\":\"es\",\"potentialAction\":[{\"@type\":\"ReadAction\",\"target\":[\"https:\\\/\\\/brodriver.com\\\/website\\\/costcontrol-gestion-de-gastos\\\/\"]}]},{\"@type\":\"BreadcrumbList\",\"@id\":\"https:\\\/\\\/brodriver.com\\\/website\\\/costcontrol-gestion-de-gastos\\\/#breadcrumb\",\"itemListElement\":[{\"@type\":\"ListItem\",\"position\":1,\"name\":\"Portada\",\"item\":\"https:\\\/\\\/brodriver.com\\\/website\\\/\"},{\"@type\":\"ListItem\",\"position\":2,\"name\":\"Gesti\u00f3n de gastos\"}]},{\"@type\":\"WebSite\",\"@id\":\"https:\\\/\\\/brodriver.com\\\/website\\\/#website\",\"url\":\"https:\\\/\\\/brodriver.com\\\/website\\\/\",\"name\":\"Brodriver\",\"description\":\"\",\"potentialAction\":[{\"@type\":\"SearchAction\",\"target\":{\"@type\":\"EntryPoint\",\"urlTemplate\":\"https:\\\/\\\/brodriver.com\\\/website\\\/?s={search_term_string}\"},\"query-input\":{\"@type\":\"PropertyValueSpecification\",\"valueRequired\":true,\"valueName\":\"search_term_string\"}}],\"inLanguage\":\"es\"}]}<\/script>\n<!-- \/ Yoast SEO plugin. -->","yoast_head_json":{"title":"Gesti\u00f3n de gastos - Brodriver","description":"CostControl de Brodriver es una herramienta que optimiza y controla los gastos de tu flota en tiempo real.","robots":{"index":"index","follow":"follow","max-snippet":"max-snippet:-1","max-image-preview":"max-image-preview:large","max-video-preview":"max-video-preview:-1"},"canonical":"https:\/\/brodriver.com\/website\/costcontrol-gestion-de-gastos\/","og_locale":"es_ES","og_type":"article","og_title":"Gesti\u00f3n de gastos - Brodriver","og_description":"CostControl de Brodriver es una herramienta que optimiza y controla los gastos de tu flota en tiempo real.","og_url":"https:\/\/brodriver.com\/website\/costcontrol-gestion-de-gastos\/","og_site_name":"Brodriver","article_modified_time":"2025-03-27T09:49:26+00:00","twitter_card":"summary_large_image","twitter_misc":{"Tiempo de lectura":"3 minutos"},"schema":{"@context":"https:\/\/schema.org","@graph":[{"@type":"WebPage","@id":"https:\/\/brodriver.com\/website\/costcontrol-gestion-de-gastos\/","url":"https:\/\/brodriver.com\/website\/costcontrol-gestion-de-gastos\/","name":"Gesti\u00f3n de gastos - Brodriver","isPartOf":{"@id":"https:\/\/brodriver.com\/website\/#website"},"datePublished":"2025-03-12T07:37:39+00:00","dateModified":"2025-03-27T09:49:26+00:00","description":"CostControl de Brodriver es una herramienta que optimiza y controla los gastos de tu flota en tiempo real.","breadcrumb":{"@id":"https:\/\/brodriver.com\/website\/costcontrol-gestion-de-gastos\/#breadcrumb"},"inLanguage":"es","potentialAction":[{"@type":"ReadAction","target":["https:\/\/brodriver.com\/website\/costcontrol-gestion-de-gastos\/"]}]},{"@type":"BreadcrumbList","@id":"https:\/\/brodriver.com\/website\/costcontrol-gestion-de-gastos\/#breadcrumb","itemListElement":[{"@type":"ListItem","position":1,"name":"Portada","item":"https:\/\/brodriver.com\/website\/"},{"@type":"ListItem","position":2,"name":"Gesti\u00f3n de gastos"}]},{"@type":"WebSite","@id":"https:\/\/brodriver.com\/website\/#website","url":"https:\/\/brodriver.com\/website\/","name":"Brodriver","description":"","potentialAction":[{"@type":"SearchAction","target":{"@type":"EntryPoint","urlTemplate":"https:\/\/brodriver.com\/website\/?s={search_term_string}"},"query-input":{"@type":"PropertyValueSpecification","valueRequired":true,"valueName":"search_term_string"}}],"inLanguage":"es"}]}},"_links":{"self":[{"href":"https:\/\/brodriver.com\/website\/wp-json\/wp\/v2\/pages\/638","targetHints":{"allow":["GET"]}}],"collection":[{"href":"https:\/\/brodriver.com\/website\/wp-json\/wp\/v2\/pages"}],"about":[{"href":"https:\/\/brodriver.com\/website\/wp-json\/wp\/v2\/types\/page"}],"author":[{"embeddable":true,"href":"https:\/\/brodriver.com\/website\/wp-json\/wp\/v2\/users\/1"}],"replies":[{"embeddable":true,"href":"https:\/\/brodriver.com\/website\/wp-json\/wp\/v2\/comments?post=638"}],"version-history":[{"count":65,"href":"https:\/\/brodriver.com\/website\/wp-json\/wp\/v2\/pages\/638\/revisions"}],"predecessor-version":[{"id":797,"href":"https:\/\/brodriver.com\/website\/wp-json\/wp\/v2\/pages\/638\/revisions\/797"}],"wp:attachment":[{"href":"https:\/\/brodriver.com\/website\/wp-json\/wp\/v2\/media?parent=638"}],"curies":[{"name":"wp","href":"https:\/\/api.w.org\/{rel}","templated":true}]}}