{"id":521,"date":"2023-05-11T08:04:20","date_gmt":"2023-05-11T08:04:20","guid":{"rendered":"https:\/\/brodriver.com\/website\/?page_id=521"},"modified":"2023-05-15T10:50:33","modified_gmt":"2023-05-15T10:50:33","slug":"condiciones-generales-de-uso","status":"publish","type":"page","link":"https:\/\/brodriver.com\/website\/condiciones-generales-de-uso\/","title":{"rendered":"Condiciones Generales de Uso"},"content":{"rendered":"<section class=\"wpb-content-wrapper\"><p>[vc_row][vc_column][vc_column_text]<\/p>\n<h2>Introducci\u00f3n<\/h2>\n<p>Bienvenido a Brodriver.com, el sitio web donde podr\u00e1s encontrar informaci\u00f3n, consejos y herramientas relacionadas con la conducci\u00f3n y el mundo del autom\u00f3vil. Al utilizar nuestro sitio web, aceptas cumplir con las siguientes condiciones generales de uso. Por favor, l\u00e9elas detenidamente antes de seguir navegando por el sitio.<\/p>\n<h2>Condiciones Generales:<\/h2>\n<p>&nbsp;<\/p>\n<ol>\n<li>\n<h5><strong>Aceptaci\u00f3n de las condiciones generales<\/strong><\/h5>\n<\/li>\n<\/ol>\n<p>Al acceder y utilizar Brodriver.com, aceptas estas condiciones generales de uso. Si no est\u00e1s de acuerdo con alguna de las condiciones aqu\u00ed establecidas, te pedimos que no utilices nuestro sitio web.<\/p>\n<ol start=\"2\">\n<li>\n<h5><strong>Modificaci\u00f3n de las condiciones generales<\/strong><\/h5>\n<\/li>\n<\/ol>\n<p>Nos reservamos el derecho de modificar estas condiciones generales de uso en cualquier momento y sin previo aviso. Es responsabilidad del usuario revisar estas condiciones peri\u00f3dicamente para estar informado de cualquier cambio. El uso continuado del sitio web tras la publicaci\u00f3n de las modificaciones implica la aceptaci\u00f3n de dichos cambios.<\/p>\n<ol start=\"3\">\n<li>\n<h5><strong>Propiedad intelectual y derechos de autor<\/strong><\/h5>\n<\/li>\n<\/ol>\n<p>Todo el contenido publicado en Brodriver.com, incluyendo, pero no limitado a, textos, im\u00e1genes, gr\u00e1ficos, logotipos y videos, es propiedad de BroDriver.com o de terceros que nos han otorgado permiso para utilizarlo. Este contenido est\u00e1 protegido por las leyes de propiedad intelectual y derechos de autor. Queda prohibida la reproducci\u00f3n, distribuci\u00f3n, modificaci\u00f3n o uso de este contenido sin el consentimiento expreso y por escrito de Brodriver.com o de los respectivos titulares de los derechos.<\/p>\n<ol start=\"4\">\n<li>\n<h5><strong>Responsabilidad y garant\u00edas<\/strong><\/h5>\n<\/li>\n<\/ol>\n<p>El contenido de Brodriver.com se proporciona &#8220;tal cual&#8221; y sin garant\u00edas de ning\u00fan tipo. Aunque nos esforzamos por ofrecer informaci\u00f3n precisa y actualizada, no garantizamos la exactitud, integridad o calidad del contenido publicado en el sitio web. No nos hacemos responsables de cualquier error, omisi\u00f3n, p\u00e9rdida o da\u00f1o que pueda resultar del uso de la informaci\u00f3n proporcionada en nuestro sitio web.<\/p>\n<ol start=\"5\">\n<li>\n<h5><strong>Enlaces a sitios web de terceros<\/strong><\/h5>\n<\/li>\n<\/ol>\n<p>Brodriver.com puede contener enlaces a sitios web de terceros. Estos enlaces se proporcionan \u00fanicamente para tu comodidad y no implican nuestra aprobaci\u00f3n o respaldo a dichos sitios web. No nos hacemos responsables por el contenido, pol\u00edticas de privacidad o pr\u00e1cticas de estos sitios web de terceros. Te recomendamos leer los t\u00e9rminos y condiciones y las pol\u00edticas de privacidad de cada sitio web que visites.<\/p>\n<ol start=\"6\">\n<li>\n<h5><strong>Legislaci\u00f3n aplicable y jurisdicci\u00f3n<\/strong><\/h5>\n<\/li>\n<\/ol>\n<p>Estas condiciones generales de uso se rigen e interpretan de acuerdo con las leyes del pa\u00eds en el que se encuentra Brodriver.com. Cualquier disputa relacionada con el uso del sitio web estar\u00e1 sujeta a la jurisdicci\u00f3n de los tribunales competentes de dicho pa\u00eds.<\/p>\n<h5><\/h5>\n<h5><strong>Conclusi\u00f3n:<\/strong><\/h5>\n<p>Al utilizar Brodriver.com, aceptas cumplir con estas condiciones generales de uso. Si tienes alguna pregunta o comentario acerca de estas condiciones, no dudes en ponerte en contacto con nosotros a trav\u00e9s de nuestra p\u00e1gina de contacto.[\/vc_column_text][\/vc_column][\/vc_row]<\/p>\n<\/section>","protected":false},"excerpt":{"rendered":"<p>[vc_row][vc_column][vc_column_text] Introducci\u00f3n Bienvenido a Brodriver.com, el sitio web donde podr\u00e1s encontrar informaci\u00f3n, consejos y herramientas relacionadas con la conducci\u00f3n y el mundo del autom\u00f3vil. Al utilizar nuestro sitio web, aceptas cumplir con las siguientes condiciones generales de uso. Por favor, l\u00e9elas detenidamente antes de seguir navegando por el sitio. Condiciones Generales: &nbsp; Aceptaci\u00f3n de las [&hellip;]<\/p>\n","protected":false},"author":1,"featured_media":0,"parent":0,"menu_order":0,"comment_status":"closed","ping_status":"closed","template":"","meta":{"footnotes":""},"class_list":["post-521","page","type-page","status-publish","hentry"],"yoast_head":"<!-- This site is optimized with the Yoast SEO plugin v27.6 - https:\/\/yoast.com\/product\/yoast-seo-wordpress\/ -->\n<title>Condiciones Generales de Uso - Brodriver<\/title>\n<meta name=\"description\" content=\"Condiciones generales de uso Brodriver, software de navegaci\u00f3n GPS para transportistas profesionales.\" \/>\n<meta name=\"robots\" content=\"index, follow, max-snippet:-1, max-image-preview:large, max-video-preview:-1\" \/>\n<link rel=\"canonical\" href=\"https:\/\/brodriver.com\/website\/condiciones-generales-de-uso\/\" \/>\n<meta property=\"og:locale\" content=\"es_ES\" \/>\n<meta property=\"og:type\" content=\"article\" \/>\n<meta property=\"og:title\" content=\"Condiciones Generales de Uso - Brodriver\" \/>\n<meta property=\"og:description\" content=\"Condiciones generales de uso Brodriver, software de navegaci\u00f3n GPS para transportistas profesionales.\" \/>\n<meta property=\"og:url\" content=\"https:\/\/brodriver.com\/website\/condiciones-generales-de-uso\/\" \/>\n<meta property=\"og:site_name\" content=\"Brodriver\" \/>\n<meta property=\"article:modified_time\" content=\"2023-05-15T10:50:33+00:00\" \/>\n<meta name=\"twitter:card\" content=\"summary_large_image\" \/>\n<meta name=\"twitter:label1\" content=\"Tiempo de lectura\" \/>\n\t<meta name=\"twitter:data1\" content=\"3 minutos\" \/>\n<script type=\"application\/ld+json\" class=\"yoast-schema-graph\">{\"@context\":\"https:\\\/\\\/schema.org\",\"@graph\":[{\"@type\":\"WebPage\",\"@id\":\"https:\\\/\\\/brodriver.com\\\/website\\\/condiciones-generales-de-uso\\\/\",\"url\":\"https:\\\/\\\/brodriver.com\\\/website\\\/condiciones-generales-de-uso\\\/\",\"name\":\"Condiciones Generales de Uso - Brodriver\",\"isPartOf\":{\"@id\":\"https:\\\/\\\/brodriver.com\\\/website\\\/#website\"},\"datePublished\":\"2023-05-11T08:04:20+00:00\",\"dateModified\":\"2023-05-15T10:50:33+00:00\",\"description\":\"Condiciones generales de uso Brodriver, software de navegaci\u00f3n GPS para transportistas profesionales.\",\"breadcrumb\":{\"@id\":\"https:\\\/\\\/brodriver.com\\\/website\\\/condiciones-generales-de-uso\\\/#breadcrumb\"},\"inLanguage\":\"es\",\"potentialAction\":[{\"@type\":\"ReadAction\",\"target\":[\"https:\\\/\\\/brodriver.com\\\/website\\\/condiciones-generales-de-uso\\\/\"]}]},{\"@type\":\"BreadcrumbList\",\"@id\":\"https:\\\/\\\/brodriver.com\\\/website\\\/condiciones-generales-de-uso\\\/#breadcrumb\",\"itemListElement\":[{\"@type\":\"ListItem\",\"position\":1,\"name\":\"Portada\",\"item\":\"https:\\\/\\\/brodriver.com\\\/website\\\/\"},{\"@type\":\"ListItem\",\"position\":2,\"name\":\"Condiciones Generales de Uso\"}]},{\"@type\":\"WebSite\",\"@id\":\"https:\\\/\\\/brodriver.com\\\/website\\\/#website\",\"url\":\"https:\\\/\\\/brodriver.com\\\/website\\\/\",\"name\":\"Brodriver\",\"description\":\"\",\"potentialAction\":[{\"@type\":\"SearchAction\",\"target\":{\"@type\":\"EntryPoint\",\"urlTemplate\":\"https:\\\/\\\/brodriver.com\\\/website\\\/?s={search_term_string}\"},\"query-input\":{\"@type\":\"PropertyValueSpecification\",\"valueRequired\":true,\"valueName\":\"search_term_string\"}}],\"inLanguage\":\"es\"}]}<\/script>\n<!-- \/ Yoast SEO plugin. -->","yoast_head_json":{"title":"Condiciones Generales de Uso - Brodriver","description":"Condiciones generales de uso Brodriver, software de navegaci\u00f3n GPS para transportistas profesionales.","robots":{"index":"index","follow":"follow","max-snippet":"max-snippet:-1","max-image-preview":"max-image-preview:large","max-video-preview":"max-video-preview:-1"},"canonical":"https:\/\/brodriver.com\/website\/condiciones-generales-de-uso\/","og_locale":"es_ES","og_type":"article","og_title":"Condiciones Generales de Uso - Brodriver","og_description":"Condiciones generales de uso Brodriver, software de navegaci\u00f3n GPS para transportistas profesionales.","og_url":"https:\/\/brodriver.com\/website\/condiciones-generales-de-uso\/","og_site_name":"Brodriver","article_modified_time":"2023-05-15T10:50:33+00:00","twitter_card":"summary_large_image","twitter_misc":{"Tiempo de lectura":"3 minutos"},"schema":{"@context":"https:\/\/schema.org","@graph":[{"@type":"WebPage","@id":"https:\/\/brodriver.com\/website\/condiciones-generales-de-uso\/","url":"https:\/\/brodriver.com\/website\/condiciones-generales-de-uso\/","name":"Condiciones Generales de Uso - Brodriver","isPartOf":{"@id":"https:\/\/brodriver.com\/website\/#website"},"datePublished":"2023-05-11T08:04:20+00:00","dateModified":"2023-05-15T10:50:33+00:00","description":"Condiciones generales de uso Brodriver, software de navegaci\u00f3n GPS para transportistas profesionales.","breadcrumb":{"@id":"https:\/\/brodriver.com\/website\/condiciones-generales-de-uso\/#breadcrumb"},"inLanguage":"es","potentialAction":[{"@type":"ReadAction","target":["https:\/\/brodriver.com\/website\/condiciones-generales-de-uso\/"]}]},{"@type":"BreadcrumbList","@id":"https:\/\/brodriver.com\/website\/condiciones-generales-de-uso\/#breadcrumb","itemListElement":[{"@type":"ListItem","position":1,"name":"Portada","item":"https:\/\/brodriver.com\/website\/"},{"@type":"ListItem","position":2,"name":"Condiciones Generales de Uso"}]},{"@type":"WebSite","@id":"https:\/\/brodriver.com\/website\/#website","url":"https:\/\/brodriver.com\/website\/","name":"Brodriver","description":"","potentialAction":[{"@type":"SearchAction","target":{"@type":"EntryPoint","urlTemplate":"https:\/\/brodriver.com\/website\/?s={search_term_string}"},"query-input":{"@type":"PropertyValueSpecification","valueRequired":true,"valueName":"search_term_string"}}],"inLanguage":"es"}]}},"_links":{"self":[{"href":"https:\/\/brodriver.com\/website\/wp-json\/wp\/v2\/pages\/521","targetHints":{"allow":["GET"]}}],"collection":[{"href":"https:\/\/brodriver.com\/website\/wp-json\/wp\/v2\/pages"}],"about":[{"href":"https:\/\/brodriver.com\/website\/wp-json\/wp\/v2\/types\/page"}],"author":[{"embeddable":true,"href":"https:\/\/brodriver.com\/website\/wp-json\/wp\/v2\/users\/1"}],"replies":[{"embeddable":true,"href":"https:\/\/brodriver.com\/website\/wp-json\/wp\/v2\/comments?post=521"}],"version-history":[{"count":0,"href":"https:\/\/brodriver.com\/website\/wp-json\/wp\/v2\/pages\/521\/revisions"}],"wp:attachment":[{"href":"https:\/\/brodriver.com\/website\/wp-json\/wp\/v2\/media?parent=521"}],"curies":[{"name":"wp","href":"https:\/\/api.w.org\/{rel}","templated":true}]}}