{"id":465,"date":"2023-05-02T13:14:29","date_gmt":"2023-05-02T13:14:29","guid":{"rendered":"https:\/\/brodriver.com\/website\/politicas-privacidad-copy\/"},"modified":"2023-05-15T10:51:38","modified_gmt":"2023-05-15T10:51:38","slug":"politicas-cookies","status":"publish","type":"page","link":"https:\/\/brodriver.com\/website\/politicas-cookies\/","title":{"rendered":"Pol\u00edticas de Cookies"},"content":{"rendered":"<section class=\"wpb-content-wrapper\"><p>[vc_row][vc_column][vc_column_text]<\/p>\n<h2>\u00bfQu\u00e9 son las cookies?<\/h2>\n<div class=\"cookie-policy-p\">\n<p>Esta Pol\u00edtica de cookies explica qu\u00e9 son las cookies y c\u00f3mo las usamos, los tipos de cookies que usamos, es decir, la informaci\u00f3n que recopilamos usando cookies y c\u00f3mo se usa esa informaci\u00f3n, y c\u00f3mo gestionar la configuraci\u00f3n de las cookies.<\/p>\n<p>Las cookies son peque\u00f1os archivos de texto que se utilizan para almacenar peque\u00f1os fragmentos de informaci\u00f3n. Se almacenan en su dispositivo cuando el sitio web se carga en su navegador. Estas cookies nos ayudan a hacer que el sitio web funcione correctamente, hacerlo m\u00e1s seguro, brindar una mejor experiencia de usuario y comprender c\u00f3mo funciona el sitio web y analizar qu\u00e9 funciona y d\u00f3nde necesita mejorar.<\/p>\n<\/div>\n<p>&nbsp;<\/p>\n<h2>\u00bfC\u00f3mo usamos las cookies?<\/h2>\n<div class=\"cookie-policy-p\">\n<p>Como la mayor\u00eda de los servicios en l\u00ednea, nuestro sitio web utiliza cookies propias y de terceros para varios prop\u00f3sitos. Las cookies de origen son en su mayor\u00eda necesarias para que el sitio web funcione correctamente y no recopilan ninguno de sus datos de identificaci\u00f3n personal.<\/p>\n<p>Las cookies de terceros que se utilizan en nuestro sitio web son principalmente para comprender c\u00f3mo funciona el el rendimiento del sitio web, c\u00f3mo interact\u00faa con nuestro sitio web, mantener nuestros servicios seguros, proporcionar anuncios que sean relevantes para usted y, en general, brindarle una experiencia de usuario mejor y mejorada y ayudar a acelerar sus futuras interacciones con nuestro sitio web.<\/p ><\/div>\n<p>&nbsp;<\/p>\n<h2>Tipos de cookies que utilizamos<\/h2>\n<p>&nbsp;<\/p>\n<table style=\"width: 100%; color: black; border: 2px solid black;\">\n<tbody>\n<tr>\n<th style=\"text-align: center;\">Nombre<\/th>\n<th style=\"text-align: center;\">Categoria<\/th>\n<th style=\"text-align: center;\">Descripci\u00f3n<\/th>\n<th style=\"text-align: center;\">Propiedad<\/th>\n<th style=\"text-align: center;\">Duraci\u00f3n<\/th>\n<\/tr>\n<tr>\n<td style=\"text-align: center;\">wordpress_<\/td>\n<td style=\"text-align: center;\">Funcionalidad<\/td>\n<td style=\"text-align: center;\">Se activa durante el login y guarda los detalles de autentificaci\u00f3n<\/td>\n<td style=\"text-align: center;\">Propia<\/td>\n<td style=\"text-align: center;\">1 a\u00f1o<\/td>\n<\/tr>\n<tr>\n<td style=\"text-align: center;\">wordpress_logged_in_<\/td>\n<td style=\"text-align: center;\">Funcionalidad<\/td>\n<td style=\"text-align: center;\">Se activa durante el login y guarda los detalles de autentificaci\u00f3n<\/td>\n<td style=\"text-align: center;\">Propia<\/td>\n<td style=\"text-align: center;\">1 a\u00f1o<\/td>\n<\/tr>\n<tr>\n<td style=\"text-align: center;\">wordpress_test_cookie<\/td>\n<td style=\"text-align: center;\">Funcionalidad<\/td>\n<td style=\"text-align: center;\">Se activa durante el login y guarda los detalles de autentificaci\u00f3n<\/td>\n<td style=\"text-align: center;\">Propia<\/td>\n<td style=\"text-align: center;\">1 a\u00f1o<\/td>\n<\/tr>\n<tr>\n<td style=\"text-align: center;\">wp-settings-<\/td>\n<td style=\"text-align: center;\">Funcionalidad<\/td>\n<td style=\"text-align: center;\">Sirve para personalizar la Interfaz de Usuario<\/td>\n<td style=\"text-align: center;\">Propia<\/td>\n<td style=\"text-align: center;\">1 a\u00f1o<\/td>\n<\/tr>\n<tr>\n<td style=\"text-align: center;\">wp-settings-time-<\/td>\n<td style=\"text-align: center;\">Funcionalidad<\/td>\n<td style=\"text-align: center;\">Sirve para personalizar la Interfaz de Usuario<\/td>\n<td style=\"text-align: center;\">Propia<\/td>\n<td style=\"text-align: center;\">1 a\u00f1o<\/td>\n<\/tr>\n<tr>\n<td style=\"text-align: center;\">lu<\/td>\n<td style=\"text-align: center;\">Funcionalidad<\/td>\n<td style=\"text-align: center;\">Cookie del servicio social facebook<\/td>\n<td style=\"text-align: center;\">Terceros<\/td>\n<td style=\"text-align: center;\">1 a\u00f1o<\/td>\n<\/tr>\n<tr>\n<td style=\"text-align: center;\">vchideactivationmsg_vc11<\/td>\n<td style=\"text-align: center;\">Funcionalidad<\/td>\n<td style=\"text-align: center;\">An\u00e1lisis de seguridad<\/td>\n<td style=\"text-align: center;\">Terceros<\/td>\n<td style=\"text-align: center;\">1 a\u00f1o<\/td>\n<\/tr>\n<tr>\n<td style=\"text-align: center;\">soccerclub_retina<\/td>\n<td style=\"text-align: center;\">Funcionalidad<\/td>\n<td style=\"text-align: center;\">An\u00e1lisis de seguridad<\/td>\n<td style=\"text-align: center;\">Terceros<\/td>\n<td style=\"text-align: center;\">1 a\u00f1o<\/td>\n<\/tr>\n<tr>\n<td style=\"text-align: center;\">_EiyTRPG<\/td>\n<td style=\"text-align: center;\">Funcionalidad<\/td>\n<td style=\"text-align: center;\">An\u00e1lisis de seguridad<\/td>\n<td style=\"text-align: center;\">Terceros<\/td>\n<td style=\"text-align: center;\">1 a\u00f1o<\/td>\n<\/tr>\n<tr>\n<td style=\"text-align: center;\">bHYjMEWdCrTzJA<\/td>\n<td style=\"text-align: center;\">Funcionalidad<\/td>\n<td style=\"text-align: center;\">An\u00e1lisis de seguridad<\/td>\n<td style=\"text-align: center;\">Terceros<\/td>\n<td style=\"text-align: center;\">1 a\u00f1o<\/td>\n<\/tr>\n<tr>\n<td style=\"text-align: center;\">KzCAVZI<\/td>\n<td style=\"text-align: center;\">Funcionalidad<\/td>\n<td style=\"text-align: center;\">An\u00e1lisis de seguridad<\/td>\n<td style=\"text-align: center;\">Terceros<\/td>\n<td style=\"text-align: center;\">1 a\u00f1o<\/td>\n<\/tr>\n<tr>\n<td style=\"text-align: center;\">eNzOjmc<\/td>\n<td style=\"text-align: center;\">Funcionalidad<\/td>\n<td style=\"text-align: center;\">An\u00e1lisis de seguridad<\/td>\n<td style=\"text-align: center;\">Terceros<\/td>\n<td style=\"text-align: center;\">1 a\u00f1o<\/td>\n<\/tr>\n<tr>\n<td style=\"text-align: center;\">QrSlqtihFaWDPk<\/td>\n<td style=\"text-align: center;\">Funcionalidad<\/td>\n<td style=\"text-align: center;\">An\u00e1lisis de seguridad<\/td>\n<td style=\"text-align: center;\">Terceros<\/td>\n<td style=\"text-align: center;\">1 a\u00f1o<\/td>\n<\/tr>\n<tr>\n<td style=\"text-align: center;\">cerber_groove<\/td>\n<td style=\"text-align: center;\">Funcionalidad<\/td>\n<td style=\"text-align: center;\">An\u00e1lisis de seguridad<\/td>\n<td style=\"text-align: center;\">Terceros<\/td>\n<td style=\"text-align: center;\">1 a\u00f1o<\/td>\n<\/tr>\n<\/tbody>\n<\/table>\n<div class=\"cky-audit-table-element\"><\/div>\n<p>&nbsp;<\/p>\n<h2 style=\"margin-bottom:20px;\">Administrar preferencias de cookies<\/h2>\n<p><a class=\"cky-banner-element\">Configuraci\u00f3n de cookies<\/a><\/p>\n<div>\n<p>Puede cambiar sus preferencias de cookies en cualquier momento haciendo clic en el bot\u00f3n de arriba. Esto le permitir\u00e1 volver a visitar el banner de consentimiento de cookies y cambiar sus preferencias o retirar su consentimiento de inmediato.<\/p>\n<p>Adem\u00e1s de esto, diferentes navegadores proporcionan diferentes m\u00e9todos para bloquear y eliminar las cookies utilizadas por los sitios web. Puede cambiar la configuraci\u00f3n de su navegador para bloquear\/eliminar las cookies. A continuaci\u00f3n se enumeran los enlaces a los documentos de soporte sobre c\u00f3mo administrar y eliminar cookies de los principales navegadores web.<\/p>\n<p>Chrome: <a href=\"https:\/\/support.google.com\/accounts\/answer\/ 32050\" target=\"_blank\" rel=\"noopener\">https:\/\/support.google.com\/accounts\/answer\/32050<\/a><\/p>\n<p>Safari: <a href=\"https:\/\/support.apple.com \/es-mx\/guide\/safari\/sfri11471\/mac\" target=\"_blank\" rel=\"noopener\">https:\/\/support.apple.com\/es-mx\/guide\/safari\/sfri11471\/mac<\/a><\/p>\n<p >Firefox: <a href=\"https:\/\/support.mozilla.org\/en-US\/kb\/clear-cookies-and-site-data-firefox?redirectslug=delete-cookies-remove-info-websites-stored&#038;redirectlocale= en-US\" target=\"_blank\" rel=\"noopener\">https:\/\/support.mozilla.org\/en-US\/kb\/clear-cookies-and-site-data-firefox?redirectslug=delete-cookies-remove-info-websites- almacenado&#038;redirectlocale=en-US<\/a><\/p>\n<p>Internet Explorer: <a href=\"https:\/\/support.microsoft.com\/en-us\/topic\/how-to-delete-cookie-files- en-internet-explorer-bca9446f-d873-78de-77ba-d42645fa52fc\" target=\"_blank\" rel=\"noopener\">https:\/\/support.microsoft.com\/en-us\/topic\/how-to-delete-cookie-files-in- internet-explorer-bca9446f-d873-78de-77ba-d42645fa52fc<\/a><\/p>\n<p>Si est\u00e1 utilizando cualquier otro navegador web, visite los documentos de soporte oficiales de su navegador.<\/p>\n<\/div>\n<p>[\/vc_column_text][\/vc_column][\/vc_row]<\/p>\n<\/section>","protected":false},"excerpt":{"rendered":"<p>[vc_row][vc_column][vc_column_text] \u00bfQu\u00e9 son las cookies? Esta Pol\u00edtica de cookies explica qu\u00e9 son las cookies y c\u00f3mo las usamos, los tipos de cookies que usamos, es decir, la informaci\u00f3n que recopilamos usando cookies y c\u00f3mo se usa esa informaci\u00f3n, y c\u00f3mo gestionar la configuraci\u00f3n de las cookies. Las cookies son peque\u00f1os archivos de texto que se [&hellip;]<\/p>\n","protected":false},"author":1,"featured_media":0,"parent":0,"menu_order":0,"comment_status":"closed","ping_status":"closed","template":"","meta":{"footnotes":""},"class_list":["post-465","page","type-page","status-publish","hentry"],"yoast_head":"<!-- This site is optimized with the Yoast SEO plugin v27.6 - https:\/\/yoast.com\/product\/yoast-seo-wordpress\/ -->\n<title>Pol\u00edticas de Cookies - Brodriver<\/title>\n<meta name=\"description\" content=\"Transparencia y privacidad en Brodriver. Descubre nuestras pol\u00edticas de cookies para una experiencia de navegaci\u00f3n segura.\" \/>\n<meta name=\"robots\" content=\"index, follow, max-snippet:-1, max-image-preview:large, max-video-preview:-1\" \/>\n<link rel=\"canonical\" href=\"https:\/\/brodriver.com\/website\/politicas-cookies\/\" \/>\n<meta property=\"og:locale\" content=\"es_ES\" \/>\n<meta property=\"og:type\" content=\"article\" \/>\n<meta property=\"og:title\" content=\"Pol\u00edticas de Cookies - Brodriver\" \/>\n<meta property=\"og:description\" content=\"Transparencia y privacidad en Brodriver. Descubre nuestras pol\u00edticas de cookies para una experiencia de navegaci\u00f3n segura.\" \/>\n<meta property=\"og:url\" content=\"https:\/\/brodriver.com\/website\/politicas-cookies\/\" \/>\n<meta property=\"og:site_name\" content=\"Brodriver\" \/>\n<meta property=\"article:modified_time\" content=\"2023-05-15T10:51:38+00:00\" \/>\n<meta name=\"twitter:card\" content=\"summary_large_image\" \/>\n<meta name=\"twitter:label1\" content=\"Tiempo de lectura\" \/>\n\t<meta name=\"twitter:data1\" content=\"3 minutos\" \/>\n<script type=\"application\/ld+json\" class=\"yoast-schema-graph\">{\"@context\":\"https:\\\/\\\/schema.org\",\"@graph\":[{\"@type\":\"WebPage\",\"@id\":\"https:\\\/\\\/brodriver.com\\\/website\\\/politicas-cookies\\\/\",\"url\":\"https:\\\/\\\/brodriver.com\\\/website\\\/politicas-cookies\\\/\",\"name\":\"Pol\u00edticas de Cookies - Brodriver\",\"isPartOf\":{\"@id\":\"https:\\\/\\\/brodriver.com\\\/website\\\/#website\"},\"datePublished\":\"2023-05-02T13:14:29+00:00\",\"dateModified\":\"2023-05-15T10:51:38+00:00\",\"description\":\"Transparencia y privacidad en Brodriver. Descubre nuestras pol\u00edticas de cookies para una experiencia de navegaci\u00f3n segura.\",\"breadcrumb\":{\"@id\":\"https:\\\/\\\/brodriver.com\\\/website\\\/politicas-cookies\\\/#breadcrumb\"},\"inLanguage\":\"es\",\"potentialAction\":[{\"@type\":\"ReadAction\",\"target\":[\"https:\\\/\\\/brodriver.com\\\/website\\\/politicas-cookies\\\/\"]}]},{\"@type\":\"BreadcrumbList\",\"@id\":\"https:\\\/\\\/brodriver.com\\\/website\\\/politicas-cookies\\\/#breadcrumb\",\"itemListElement\":[{\"@type\":\"ListItem\",\"position\":1,\"name\":\"Portada\",\"item\":\"https:\\\/\\\/brodriver.com\\\/website\\\/\"},{\"@type\":\"ListItem\",\"position\":2,\"name\":\"Pol\u00edticas de Cookies\"}]},{\"@type\":\"WebSite\",\"@id\":\"https:\\\/\\\/brodriver.com\\\/website\\\/#website\",\"url\":\"https:\\\/\\\/brodriver.com\\\/website\\\/\",\"name\":\"Brodriver\",\"description\":\"\",\"potentialAction\":[{\"@type\":\"SearchAction\",\"target\":{\"@type\":\"EntryPoint\",\"urlTemplate\":\"https:\\\/\\\/brodriver.com\\\/website\\\/?s={search_term_string}\"},\"query-input\":{\"@type\":\"PropertyValueSpecification\",\"valueRequired\":true,\"valueName\":\"search_term_string\"}}],\"inLanguage\":\"es\"}]}<\/script>\n<!-- \/ Yoast SEO plugin. -->","yoast_head_json":{"title":"Pol\u00edticas de Cookies - Brodriver","description":"Transparencia y privacidad en Brodriver. Descubre nuestras pol\u00edticas de cookies para una experiencia de navegaci\u00f3n segura.","robots":{"index":"index","follow":"follow","max-snippet":"max-snippet:-1","max-image-preview":"max-image-preview:large","max-video-preview":"max-video-preview:-1"},"canonical":"https:\/\/brodriver.com\/website\/politicas-cookies\/","og_locale":"es_ES","og_type":"article","og_title":"Pol\u00edticas de Cookies - Brodriver","og_description":"Transparencia y privacidad en Brodriver. Descubre nuestras pol\u00edticas de cookies para una experiencia de navegaci\u00f3n segura.","og_url":"https:\/\/brodriver.com\/website\/politicas-cookies\/","og_site_name":"Brodriver","article_modified_time":"2023-05-15T10:51:38+00:00","twitter_card":"summary_large_image","twitter_misc":{"Tiempo de lectura":"3 minutos"},"schema":{"@context":"https:\/\/schema.org","@graph":[{"@type":"WebPage","@id":"https:\/\/brodriver.com\/website\/politicas-cookies\/","url":"https:\/\/brodriver.com\/website\/politicas-cookies\/","name":"Pol\u00edticas de Cookies - Brodriver","isPartOf":{"@id":"https:\/\/brodriver.com\/website\/#website"},"datePublished":"2023-05-02T13:14:29+00:00","dateModified":"2023-05-15T10:51:38+00:00","description":"Transparencia y privacidad en Brodriver. Descubre nuestras pol\u00edticas de cookies para una experiencia de navegaci\u00f3n segura.","breadcrumb":{"@id":"https:\/\/brodriver.com\/website\/politicas-cookies\/#breadcrumb"},"inLanguage":"es","potentialAction":[{"@type":"ReadAction","target":["https:\/\/brodriver.com\/website\/politicas-cookies\/"]}]},{"@type":"BreadcrumbList","@id":"https:\/\/brodriver.com\/website\/politicas-cookies\/#breadcrumb","itemListElement":[{"@type":"ListItem","position":1,"name":"Portada","item":"https:\/\/brodriver.com\/website\/"},{"@type":"ListItem","position":2,"name":"Pol\u00edticas de Cookies"}]},{"@type":"WebSite","@id":"https:\/\/brodriver.com\/website\/#website","url":"https:\/\/brodriver.com\/website\/","name":"Brodriver","description":"","potentialAction":[{"@type":"SearchAction","target":{"@type":"EntryPoint","urlTemplate":"https:\/\/brodriver.com\/website\/?s={search_term_string}"},"query-input":{"@type":"PropertyValueSpecification","valueRequired":true,"valueName":"search_term_string"}}],"inLanguage":"es"}]}},"_links":{"self":[{"href":"https:\/\/brodriver.com\/website\/wp-json\/wp\/v2\/pages\/465","targetHints":{"allow":["GET"]}}],"collection":[{"href":"https:\/\/brodriver.com\/website\/wp-json\/wp\/v2\/pages"}],"about":[{"href":"https:\/\/brodriver.com\/website\/wp-json\/wp\/v2\/types\/page"}],"author":[{"embeddable":true,"href":"https:\/\/brodriver.com\/website\/wp-json\/wp\/v2\/users\/1"}],"replies":[{"embeddable":true,"href":"https:\/\/brodriver.com\/website\/wp-json\/wp\/v2\/comments?post=465"}],"version-history":[{"count":0,"href":"https:\/\/brodriver.com\/website\/wp-json\/wp\/v2\/pages\/465\/revisions"}],"wp:attachment":[{"href":"https:\/\/brodriver.com\/website\/wp-json\/wp\/v2\/media?parent=465"}],"curies":[{"name":"wp","href":"https:\/\/api.w.org\/{rel}","templated":true}]}}