{"id":460,"date":"2023-05-02T10:25:39","date_gmt":"2023-05-02T10:25:39","guid":{"rendered":"https:\/\/brodriver.com\/website\/?page_id=460"},"modified":"2023-05-15T10:52:02","modified_gmt":"2023-05-15T10:52:02","slug":"politicas-privacidad","status":"publish","type":"page","link":"https:\/\/brodriver.com\/website\/politicas-privacidad\/","title":{"rendered":"Pol\u00edticas de Privacidad"},"content":{"rendered":"<section class=\"wpb-content-wrapper\"><p>[vc_row][vc_column][vc_column_text]<\/p>\n<p class=\"privacy-policy-p\">Esta Pol\u00edtica de Privacidad describe las pol\u00edticas de Social Driver Innovation SL, C\/ Salzillo 9 1\u00ba E 04740 &#8211; (Roquetas De Mar) &#8211; Almer\u00eda, Almeria 04740, Espa\u00f1a, correo electr\u00f3nico: info@brodriver .com, tel\u00e9fono: Sin n\u00famero sobre la recopilaci\u00f3n, uso y divulgaci\u00f3n de su informaci\u00f3n que recopilamos cuando utiliza nuestro sitio web ( https:\/\/brodriver.com ). (el servicio&#8221;). Al acceder o utilizar el Servicio, usted acepta la recopilaci\u00f3n, el uso y la divulgaci\u00f3n de su informaci\u00f3n de acuerdo con esta Pol\u00edtica de privacidad. Si no da su consentimiento, no acceda ni utilice el Servicio.<\/p>\n<p class=\"privacy-policy-p\">Podemos modificar esta Pol\u00edtica de privacidad en cualquier momento sin previo aviso y publicaremos la Pol\u00edtica de privacidad revisada en el Servicio. La Pol\u00edtica revisada entrar\u00e1 en vigencia 180 d\u00edas despu\u00e9s de que la Pol\u00edtica revisada se publique en el Servicio y su acceso o uso continuo del Servicio despu\u00e9s de ese tiempo constituir\u00e1 su aceptaci\u00f3n de la Pol\u00edtica de privacidad revisada. Por lo tanto, le recomendamos que revise peri\u00f3dicamente esta p\u00e1gina.<\/p>\n<h2 class=\"privacy-policy-h2\">Informaci\u00f3n que recopilamos:<\/h2>\n<p class=\"privacy-policy-p\">Recopilaremos y procesaremos la siguiente informaci\u00f3n personal sobre usted:<\/p>\n<ol class=\"pol\u00edtica-de-privacidad-ol\">\n<li>Nombre<\/li>\n<li>Correo electr\u00f3nico<\/li>\n<li>M\u00f3vil<\/li>\n<\/ol>\n<\/li>\n<h2 class=\"privacy-policy-h2\">C\u00f3mo usamos su informaci\u00f3n:<\/h2>\n<p class=\"privacy-policy-p\">Usaremos la informaci\u00f3n que recopilamos sobre usted para los siguientes fines:<\/p>\n<ol class=\"pol\u00edtica-de-privacidad-ol\">\n<li>Marketing\/ Promocional<\/li>\n<\/ol>\n<p class=\"privacy-policy-p\">Si queremos usar su informaci\u00f3n para cualquier otro prop\u00f3sito, le pediremos su consentimiento y usaremos su informaci\u00f3n solo al recibir su consentimiento y luego, solo para el(los) prop\u00f3sito(s) para lo cual otorgamos consentimiento a menos que la ley nos exija hacer lo contrario.<\/p>\n<\/li>\n<h2 class=\"privacy-policy-h2\">Retenci\u00f3n de su informaci\u00f3n:<\/h2>\n<p class=\"privacy-policy-p\">Retendremos su informaci\u00f3n personal con nosotros durante 90 d\u00edas a 2 a\u00f1os despu\u00e9s de que los usuarios cancelen sus cuentas o durante el tiempo que la necesitemos para cumplir con los fines para los que se recopil\u00f3 como se detalla. en esta Pol\u00edtica de Privacidad. Es posible que necesitemos conservar cierta informaci\u00f3n durante per\u00edodos m\u00e1s largos, como el mantenimiento de registros\/informes de acuerdo con la ley aplicable o por otras razones leg\u00edtimas, como el cumplimiento de los derechos legales, la prevenci\u00f3n del fraude, etc. Informaci\u00f3n an\u00f3nima residual e informaci\u00f3n agregada, ninguna de las cuales lo identifica (directa o indirectamente), puede almacenarse indefinidamente.<\/p>\n<\/li>\n<h2 class=\"privacy-policy-h2\">Sus derechos:<\/h2>\n<p class=\"privacy-policy-p\">Dependiendo de la ley aplicable, puede tener derecho a acceder y rectificar o borrar sus datos personales o recibir una copia de sus datos personales, restringir u objetar el procesamiento activo de sus datos, solicitarnos que compartamos (portar) su informaci\u00f3n personal a otra entidad, retirar cualquier consentimiento que nos haya brindado para procesar sus datos, el derecho a presentar una queja ante una autoridad legal y otros derechos que puedan ser relevantes seg\u00fan las leyes aplicables . Para ejercer estos derechos, puede escribirnos a info@brodriver.com. Responderemos a su solicitud de acuerdo con la ley aplicable.<\/p>\n<p class=\"privacy-policy-p\">Puede optar por no recibir comunicaciones de marketing directo o la elaboraci\u00f3n de perfiles que realizamos con fines de marketing escribi\u00e9ndonos a info@brodriver.com.<\/p>\n<p class=\"privacy-policy-p\">Tenga en cuenta que si no nos permite recopilar o procesar la informaci\u00f3n personal requerida o retira el consentimiento para procesar la misma para los fines requeridos, es posible que no pueda acceder o utilizar los servicios para los que se solicit\u00f3 su informaci\u00f3n.<\/p>\n<\/li>\n<h2 class=\"privacy-policy-h2\">Cookies, etc.<\/h2>\n<p class=\"privacy-policy-p\">Para obtener m\u00e1s informaci\u00f3n sobre c\u00f3mo usamos estos y sus opciones en relaci\u00f3n con estas tecnolog\u00edas de seguimiento, consulte nuestra <a href=\"https:\/\/brodriver.com\">Pol\u00edtica de cookies .<\/a><\/p>\n<\/li>\n<h2 class=\"privacy-policy-h2\">Seguridad:<\/h2>\n<p class=\"privacy-policy-p\">La seguridad de su informaci\u00f3n es importante para nosotros y utilizaremos medidas de seguridad razonables para evitar la p\u00e9rdida, mal uso o alteraci\u00f3n no autorizada de su informaci\u00f3n bajo nuestro control. Sin embargo, dados los riesgos inherentes, no podemos garantizar la seguridad absoluta y, en consecuencia, no podemos asegurar ni garantizar la seguridad de cualquier informaci\u00f3n que nos transmita y lo hace bajo su propio riesgo.<\/p>\n<\/li>\n<h2 class=\"privacy-policy-h2\">Delegado de protecci\u00f3n de datos\/quejas:<\/h2>\n<p class=\"privacy-policy-p\">Si tiene alguna consulta o inquietud sobre el procesamiento de su informaci\u00f3n que est\u00e1 disponible con nosotros, puede enviar un correo electr\u00f3nico a nuestro oficial de quejas en Social Driver Innovation SL, C\/ Salzillo 9 1\u00ba E 04740 &#8211; (Roquetas De Mar) &#8211; Almer\u00eda, correo electr\u00f3nico: info@brodriver.com. Abordaremos sus inquietudes de acuerdo con la ley aplicable.<\/p>\n<\/li>\n<\/ol>\n<p>[\/vc_column_text][\/vc_column][\/vc_row]<\/p>\n<\/section>","protected":false},"excerpt":{"rendered":"<p>[vc_row][vc_column][vc_column_text] Esta Pol\u00edtica de Privacidad describe las pol\u00edticas de Social Driver Innovation SL, C\/ Salzillo 9 1\u00ba E 04740 &#8211; (Roquetas De Mar) &#8211; Almer\u00eda, Almeria 04740, Espa\u00f1a, correo electr\u00f3nico: info@brodriver .com, tel\u00e9fono: Sin n\u00famero sobre la recopilaci\u00f3n, uso y divulgaci\u00f3n de su informaci\u00f3n que recopilamos cuando utiliza nuestro sitio web ( https:\/\/brodriver.com ). (el [&hellip;]<\/p>\n","protected":false},"author":1,"featured_media":0,"parent":0,"menu_order":0,"comment_status":"closed","ping_status":"closed","template":"","meta":{"footnotes":""},"class_list":["post-460","page","type-page","status-publish","hentry"],"yoast_head":"<!-- This site is optimized with the Yoast SEO plugin v27.6 - https:\/\/yoast.com\/product\/yoast-seo-wordpress\/ -->\n<title>Pol\u00edticas de Privacidad - Brodriver<\/title>\n<meta name=\"description\" content=\"Protecci\u00f3n de datos y privacidad en Brodriver. Conoce nuestras pol\u00edticas para garantizar tu confidencialidad y seguridad online.\" \/>\n<meta name=\"robots\" content=\"index, follow, max-snippet:-1, max-image-preview:large, max-video-preview:-1\" \/>\n<link rel=\"canonical\" href=\"https:\/\/brodriver.com\/website\/politicas-privacidad\/\" \/>\n<meta property=\"og:locale\" content=\"es_ES\" \/>\n<meta property=\"og:type\" content=\"article\" \/>\n<meta property=\"og:title\" content=\"Pol\u00edticas de Privacidad - Brodriver\" \/>\n<meta property=\"og:description\" content=\"Protecci\u00f3n de datos y privacidad en Brodriver. Conoce nuestras pol\u00edticas para garantizar tu confidencialidad y seguridad online.\" \/>\n<meta property=\"og:url\" content=\"https:\/\/brodriver.com\/website\/politicas-privacidad\/\" \/>\n<meta property=\"og:site_name\" content=\"Brodriver\" \/>\n<meta property=\"article:modified_time\" content=\"2023-05-15T10:52:02+00:00\" \/>\n<meta name=\"twitter:card\" content=\"summary_large_image\" \/>\n<meta name=\"twitter:label1\" content=\"Tiempo de lectura\" \/>\n\t<meta name=\"twitter:data1\" content=\"4 minutos\" \/>\n<script type=\"application\/ld+json\" class=\"yoast-schema-graph\">{\"@context\":\"https:\\\/\\\/schema.org\",\"@graph\":[{\"@type\":\"WebPage\",\"@id\":\"https:\\\/\\\/brodriver.com\\\/website\\\/politicas-privacidad\\\/\",\"url\":\"https:\\\/\\\/brodriver.com\\\/website\\\/politicas-privacidad\\\/\",\"name\":\"Pol\u00edticas de Privacidad - Brodriver\",\"isPartOf\":{\"@id\":\"https:\\\/\\\/brodriver.com\\\/website\\\/#website\"},\"datePublished\":\"2023-05-02T10:25:39+00:00\",\"dateModified\":\"2023-05-15T10:52:02+00:00\",\"description\":\"Protecci\u00f3n de datos y privacidad en Brodriver. Conoce nuestras pol\u00edticas para garantizar tu confidencialidad y seguridad online.\",\"breadcrumb\":{\"@id\":\"https:\\\/\\\/brodriver.com\\\/website\\\/politicas-privacidad\\\/#breadcrumb\"},\"inLanguage\":\"es\",\"potentialAction\":[{\"@type\":\"ReadAction\",\"target\":[\"https:\\\/\\\/brodriver.com\\\/website\\\/politicas-privacidad\\\/\"]}]},{\"@type\":\"BreadcrumbList\",\"@id\":\"https:\\\/\\\/brodriver.com\\\/website\\\/politicas-privacidad\\\/#breadcrumb\",\"itemListElement\":[{\"@type\":\"ListItem\",\"position\":1,\"name\":\"Portada\",\"item\":\"https:\\\/\\\/brodriver.com\\\/website\\\/\"},{\"@type\":\"ListItem\",\"position\":2,\"name\":\"Pol\u00edticas de Privacidad\"}]},{\"@type\":\"WebSite\",\"@id\":\"https:\\\/\\\/brodriver.com\\\/website\\\/#website\",\"url\":\"https:\\\/\\\/brodriver.com\\\/website\\\/\",\"name\":\"Brodriver\",\"description\":\"\",\"potentialAction\":[{\"@type\":\"SearchAction\",\"target\":{\"@type\":\"EntryPoint\",\"urlTemplate\":\"https:\\\/\\\/brodriver.com\\\/website\\\/?s={search_term_string}\"},\"query-input\":{\"@type\":\"PropertyValueSpecification\",\"valueRequired\":true,\"valueName\":\"search_term_string\"}}],\"inLanguage\":\"es\"}]}<\/script>\n<!-- \/ Yoast SEO plugin. -->","yoast_head_json":{"title":"Pol\u00edticas de Privacidad - Brodriver","description":"Protecci\u00f3n de datos y privacidad en Brodriver. Conoce nuestras pol\u00edticas para garantizar tu confidencialidad y seguridad online.","robots":{"index":"index","follow":"follow","max-snippet":"max-snippet:-1","max-image-preview":"max-image-preview:large","max-video-preview":"max-video-preview:-1"},"canonical":"https:\/\/brodriver.com\/website\/politicas-privacidad\/","og_locale":"es_ES","og_type":"article","og_title":"Pol\u00edticas de Privacidad - Brodriver","og_description":"Protecci\u00f3n de datos y privacidad en Brodriver. Conoce nuestras pol\u00edticas para garantizar tu confidencialidad y seguridad online.","og_url":"https:\/\/brodriver.com\/website\/politicas-privacidad\/","og_site_name":"Brodriver","article_modified_time":"2023-05-15T10:52:02+00:00","twitter_card":"summary_large_image","twitter_misc":{"Tiempo de lectura":"4 minutos"},"schema":{"@context":"https:\/\/schema.org","@graph":[{"@type":"WebPage","@id":"https:\/\/brodriver.com\/website\/politicas-privacidad\/","url":"https:\/\/brodriver.com\/website\/politicas-privacidad\/","name":"Pol\u00edticas de Privacidad - Brodriver","isPartOf":{"@id":"https:\/\/brodriver.com\/website\/#website"},"datePublished":"2023-05-02T10:25:39+00:00","dateModified":"2023-05-15T10:52:02+00:00","description":"Protecci\u00f3n de datos y privacidad en Brodriver. Conoce nuestras pol\u00edticas para garantizar tu confidencialidad y seguridad online.","breadcrumb":{"@id":"https:\/\/brodriver.com\/website\/politicas-privacidad\/#breadcrumb"},"inLanguage":"es","potentialAction":[{"@type":"ReadAction","target":["https:\/\/brodriver.com\/website\/politicas-privacidad\/"]}]},{"@type":"BreadcrumbList","@id":"https:\/\/brodriver.com\/website\/politicas-privacidad\/#breadcrumb","itemListElement":[{"@type":"ListItem","position":1,"name":"Portada","item":"https:\/\/brodriver.com\/website\/"},{"@type":"ListItem","position":2,"name":"Pol\u00edticas de Privacidad"}]},{"@type":"WebSite","@id":"https:\/\/brodriver.com\/website\/#website","url":"https:\/\/brodriver.com\/website\/","name":"Brodriver","description":"","potentialAction":[{"@type":"SearchAction","target":{"@type":"EntryPoint","urlTemplate":"https:\/\/brodriver.com\/website\/?s={search_term_string}"},"query-input":{"@type":"PropertyValueSpecification","valueRequired":true,"valueName":"search_term_string"}}],"inLanguage":"es"}]}},"_links":{"self":[{"href":"https:\/\/brodriver.com\/website\/wp-json\/wp\/v2\/pages\/460","targetHints":{"allow":["GET"]}}],"collection":[{"href":"https:\/\/brodriver.com\/website\/wp-json\/wp\/v2\/pages"}],"about":[{"href":"https:\/\/brodriver.com\/website\/wp-json\/wp\/v2\/types\/page"}],"author":[{"embeddable":true,"href":"https:\/\/brodriver.com\/website\/wp-json\/wp\/v2\/users\/1"}],"replies":[{"embeddable":true,"href":"https:\/\/brodriver.com\/website\/wp-json\/wp\/v2\/comments?post=460"}],"version-history":[{"count":0,"href":"https:\/\/brodriver.com\/website\/wp-json\/wp\/v2\/pages\/460\/revisions"}],"wp:attachment":[{"href":"https:\/\/brodriver.com\/website\/wp-json\/wp\/v2\/media?parent=460"}],"curies":[{"name":"wp","href":"https:\/\/api.w.org\/{rel}","templated":true}]}}