{"id":396,"date":"2023-04-27T08:48:02","date_gmt":"2023-04-27T08:48:02","guid":{"rendered":"https:\/\/brodriver.com\/website\/ejemplo-copy\/"},"modified":"2023-05-18T10:08:02","modified_gmt":"2023-05-18T10:08:02","slug":"home","status":"publish","type":"page","link":"https:\/\/brodriver.com\/website\/","title":{"rendered":"Home"},"content":{"rendered":"<section class=\"wpb-content-wrapper\"><p>[vc_section el_id=&#8221;banner&#8221;][vc_row][vc_column]<div >[vc_row_inner content_placement=&#8221;middle&#8221; el_class=&#8221;align-items-center&#8221;][vc_column_inner el_class=&#8221;res-margin&#8221; offset=&#8221;vc_col-lg-6 vc_col-md-6&#8243;]<div class=\"banner-text\">\r\n\t\t\t\t\t<h1 class=\"wow fadeInUp\" data-wow-offset=\"10\" data-wow-duration=\"1s\" data-wow-delay=\"0s\">El Copiloto Ideal <em>de los Camioneros<\/em><\/h1><p class=\"wow fadeInUp\" data-wow-offset=\"10\" data-wow-duration=\"1s\" data-wow-delay=\"0.3s\">Transformamos la experiencia de conducci\u00f3n de camiones con nuestra app de Navegaci\u00f3n GPS Multiplataforma, brindando a los conductores todas las herramientas log\u00edsticas en un solo lugar.<\/p><\/div><div class=\"button-store wow fadeInUp\" data-wow-offset=\"10\" data-wow-duration=\"1s\" data-wow-delay=\"0.6s\"><a class=\"custom-btn auto-width d-inline-flex align-items-center m-2 m-sm-0 me-sm-3\" href=\"#suscribete\" ><i class=\"fas fa-truck-moving\"><\/i><p>SUSCRIBETE PARA PROBAR LA APLICACI\u00d3N<\/p><\/a><\/div>[\/vc_column_inner][vc_column_inner offset=&#8221;vc_col-lg-6 vc_col-md-6&#8243;][vc_single_image image=&#8221;552&#8243; img_size=&#8221;full&#8221;][\/vc_column_inner][\/vc_row_inner]<\/div>[\/vc_column][\/vc_row][\/vc_section][vc_section el_id=&#8221;que-es-brodriver&#8221; el_class=&#8221;section-box bg-grey&#8221;][vc_row content_placement=&#8221;middle&#8221;][vc_column width=&#8221;2\/5&#8243;][vc_column_text css_animation=&#8221;fadeInUp&#8221; css=&#8221;.vc_custom_1684146730024{margin-top: 0px !important;}&#8221;]<\/p>\n<h2 style=\"text-align: center;\"><span style=\"color: #000000;\"><b>\u00bfQu\u00e9 es Brodriver?<\/b><\/span><\/h2>\n<p>&nbsp;<\/p>\n<p><span style=\"font-weight: 400; color: #000000;\"><strong>Brodriver es una<\/strong> <strong>aplicaci\u00f3n de navegaci\u00f3n GPS (SaaS)<\/strong> dise\u00f1ada espec\u00edficamente para veh\u00edculos pesados creada a partir de las recomendaciones de miles de camioneros en todo el mundo y nuestra experiencia de m\u00e1s de 10 a\u00f1os en navegaci\u00f3n GPS.<\/span><\/p>\n<p><span style=\"font-weight: 400; color: #000000;\">Nuestra herramienta ofrece una amplia gama de funciones para ayudar a <strong>optimizar rutas y solucionar problemas log\u00edsticos,<\/strong> siempre con el objetivo de mejorar la experiencia laboral de los conductores de veh\u00edculos de gran tama\u00f1o. <\/span><\/p>\n<p><span style=\"font-weight: 400; color: #000000;\"><strong>Suscribete ahora!,<\/strong> tendr\u00e1s la oportunidad de ser uno de los primeros en probar nuestra aplicaci\u00f3n y \u00a1tenerla <strong>GRATIS<\/strong> para toda la vida!<strong>.<\/strong><\/span><\/p>\n<p>&nbsp;[\/vc_column_text][vc_btn title=&#8221;SUSCRIBETE&#8221; style=&#8221;custom&#8221; custom_background=&#8221;#65c4a9&#8243; custom_text=&#8221;#ffffff&#8221; shape=&#8221;square&#8221; size=&#8221;lg&#8221; align=&#8221;center&#8221; css_animation=&#8221;fadeInUp&#8221; button_block=&#8221;true&#8221; link=&#8221;url:%23suscribete&#8221;][\/vc_column][vc_column width=&#8221;1\/2&#8243;][vc_single_image image=&#8221;553&#8243; img_size=&#8221;full&#8221; alignment=&#8221;center&#8221; css_animation=&#8221;fadeInUp&#8221;][\/vc_column][\/vc_row][\/vc_section][vc_section el_id=&#8221;funcionalidades&#8221; css=&#8221;.vc_custom_1684147091092{margin-top: -50px !important;}&#8221;][vc_row css_animation=&#8221;fadeInUp&#8221;][vc_column]<div class=\"row justify-content-center\"><div class=\"col-12 col-md-10 col-lg-6\"><div class=\"section-title text-center  \"><h3>Funcionalidades Avanzadas<\/h3><p>Optimiza tu viaje con la mejor experiencia de navegaci\u00f3n, teniendo a tu alcance todas las herramientas necesarias en un solo lugar<\/p><\/div><\/div><\/div>[\/vc_column][\/vc_row][vc_row css_animation=&#8221;fadeInUp&#8221; el_class=&#8221;vc_row-flex align-items-center&#8221;][vc_column width=&#8221;1\/3&#8243;]<ul class=\"features-item\" ><li> \r\n\t\t\t\t\t<div class=\"feature-box  d-flex\"> \r\n\t\t\t\t\t\t<div class=\"box-icon\">\r\n\t\t\t\t\t\t\t<div class=\"icon\">\r\n\t\t\t\t\t\t\t\t<img decoding=\"async\" src=\"https:\/\/brodriver.com\/website\/wp-content\/uploads\/2023\/05\/Rutas-Alternativas.png\" alt=\"\" \/>\r\n\t\t\t\t\t\t\t<\/div>\r\n\t\t\t\t\t\t<\/div>\r\n\t\t\t\t\t\t<div class=\"box-text align-self-center align-self-md-start\"><h4>RUTAS ALTERNATIVAS<\/h4><p>Nuestra plataforma de gesti\u00f3n de flotas para camiones ofrece opciones de planificaci\u00f3n de rutas en tiempo real para ahorrar costes y tiempo en tus operaciones de transporte. Optimiza tus recursos y minimiza retrasos gracias a nuestras rutas alternativas dise\u00f1adas para llegar de forma eficiente a tu destino.<\/p><\/div>\r\n\t\t\t\t\t<\/div>\r\n\t\t\t\t<\/li><li> \r\n\t\t\t\t\t<div class=\"feature-box  d-flex\"> \r\n\t\t\t\t\t\t<div class=\"box-icon\">\r\n\t\t\t\t\t\t\t<div class=\"icon\">\r\n\t\t\t\t\t\t\t\t<img decoding=\"async\" src=\"https:\/\/brodriver.com\/website\/wp-content\/uploads\/2023\/05\/Informacion-de-la-ruta.png\" alt=\"\" \/>\r\n\t\t\t\t\t\t\t<\/div>\r\n\t\t\t\t\t\t<\/div>\r\n\t\t\t\t\t\t<div class=\"box-text align-self-center align-self-md-start\"><h4>INFORMACI\u00d3N DE LA RUTA<\/h4><p>La aplicaci\u00f3n de navegaci\u00f3n GPS para camiones que ofrecemos te brinda acceso a informaci\u00f3n detallada sobre radares de velocidad, puntos de inter\u00e9s, incidencias de tr\u00e1fico, aparcamientos, descansos y se\u00f1ales de tr\u00e1fico. Adem\u00e1s, recibe alertas en tiempo real para llegar de manera segura y eficiente.<\/p><\/div>\r\n\t\t\t\t\t<\/div>\r\n\t\t\t\t<\/li><li> \r\n\t\t\t\t\t<div class=\"feature-box  d-flex\"> \r\n\t\t\t\t\t\t<div class=\"box-icon\">\r\n\t\t\t\t\t\t\t<div class=\"icon\">\r\n\t\t\t\t\t\t\t\t<img decoding=\"async\" src=\"https:\/\/brodriver.com\/website\/wp-content\/uploads\/2023\/05\/Dimensiones-del-Vehiculo-2.png\" alt=\"\" \/>\r\n\t\t\t\t\t\t\t<\/div>\r\n\t\t\t\t\t\t<\/div>\r\n\t\t\t\t\t\t<div class=\"box-text align-self-center align-self-md-start\"><h4>DIMENSIONES DEL VEH\u00cdCULO<\/h4><p>Nuestro software de navegaci\u00f3n GPS para veh\u00edculos de transporte considera las dimensiones de tu veh\u00edculo, incluyendo peso, largo, ancho y alto, y el tipo de carga que transportas, para dise\u00f1ar rutas seguras y eficientes. Optimiza tu log\u00edstica y mejora tu productividad con nuestra soluci\u00f3n de planificaci\u00f3n de rutas especializada.<\/p><\/div>\r\n\t\t\t\t\t<\/div>\r\n\t\t\t\t<\/li><\/ul>[\/vc_column][vc_column width=&#8221;1\/3&#8243; offset=&#8221;vc_hidden-xs&#8221;][vc_single_image image=&#8221;554&#8243; img_size=&#8221;full&#8221; alignment=&#8221;center&#8221; css_animation=&#8221;none&#8221;][vc_row_inner][vc_column_inner][vc_raw_html]JTNDJTJGYnIlM0UlMEElM0MlMkZiciUzRQ==[\/vc_raw_html][vc_single_image image=&#8221;469&#8243; img_size=&#8221;medium&#8221; alignment=&#8221;center&#8221;][\/vc_column_inner][\/vc_row_inner][\/vc_column][vc_column width=&#8221;1\/3&#8243;]<ul class=\"features-item\" ><li> \r\n\t\t\t\t\t<div class=\"feature-box  d-flex\"> \r\n\t\t\t\t\t\t<div class=\"box-icon\">\r\n\t\t\t\t\t\t\t<div class=\"icon\">\r\n\t\t\t\t\t\t\t\t<img decoding=\"async\" src=\"https:\/\/brodriver.com\/website\/wp-content\/uploads\/2023\/05\/Buscador-Avanzado.png\" alt=\"\" \/>\r\n\t\t\t\t\t\t\t<\/div>\r\n\t\t\t\t\t\t<\/div>\r\n\t\t\t\t\t\t<div class=\"box-text align-self-center align-self-md-start\"><h4>BUSCADOR AVANZADO<\/h4><p>Con nuestro algoritmo de b\u00fasqueda avanzada, encontrar tu destino nunca ha sido tan f\u00e1cil. Busca por coordenadas, direcci\u00f3n, c\u00f3digo postal o nombre de empresa, y obt\u00e9n r\u00e1pidamente resultados precisos. Ahorra tiempo y llega a tu destino sin complicaciones con nuestra aplicaci\u00f3n de navegaci\u00f3n GPS para camiones.<\/p><\/div>\r\n\t\t\t\t\t<\/div>\r\n\t\t\t\t<\/li><li> \r\n\t\t\t\t\t<div class=\"feature-box  d-flex\"> \r\n\t\t\t\t\t\t<div class=\"box-icon\">\r\n\t\t\t\t\t\t\t<div class=\"icon\">\r\n\t\t\t\t\t\t\t\t<img decoding=\"async\" src=\"https:\/\/brodriver.com\/website\/wp-content\/uploads\/2023\/05\/Rutas-Eficientes.png\" alt=\"\" \/>\r\n\t\t\t\t\t\t\t<\/div>\r\n\t\t\t\t\t\t<\/div>\r\n\t\t\t\t\t\t<div class=\"box-text align-self-center align-self-md-start\"><h4>RUTAS EFICIENTES<\/h4><p>Descubre la mejor manera de llegar a tu destino con nuestra aplicaci\u00f3n de navegaci\u00f3n GPS para camiones. Utilizamos tecnolog\u00eda de Big Data y Machine Learning para proporcionar rutas eficientes y personalizadas en funci\u00f3n de las dimensiones de tu veh\u00edculo y tus preferencias de transporte.<\/p><\/div>\r\n\t\t\t\t\t<\/div>\r\n\t\t\t\t<\/li><li> \r\n\t\t\t\t\t<div class=\"feature-box  d-flex\"> \r\n\t\t\t\t\t\t<div class=\"box-icon\">\r\n\t\t\t\t\t\t\t<div class=\"icon\">\r\n\t\t\t\t\t\t\t\t<img decoding=\"async\" src=\"https:\/\/brodriver.com\/website\/wp-content\/uploads\/2023\/05\/Multiplataforma.png\" alt=\"\" \/>\r\n\t\t\t\t\t\t\t<\/div>\r\n\t\t\t\t\t\t<\/div>\r\n\t\t\t\t\t\t<div class=\"box-text align-self-center align-self-md-start\"><h4>MULTIPLATAFORMA<\/h4><p>Brodriver es la herramienta final para los camioneros que ofrece una multitud de herramientas provenientes de otras plataformas para empoderar la profesi\u00f3n, dignificar el trabajo y mejorar la eficiencia. Las empresas de transporte pueden ahorrar costos y aumentar su rentabilidad con esta soluci\u00f3n tecnol\u00f3gica imprescindible en la carretera.<\/p><\/div>\r\n\t\t\t\t\t<\/div>\r\n\t\t\t\t<\/li><\/ul>[\/vc_column][\/vc_row][\/vc_section][vc_section el_id=&#8221;suscribete&#8221; css=&#8221;.vc_custom_1684146570650{margin-top: -120px !important;}&#8221;][vc_row full_width=&#8221;stretch_row_content_no_spaces&#8221; css=&#8221;.vc_custom_1684245769511{background-color: #f9f9f9 !important;}&#8221;][vc_column][vc_column_text css=&#8221;.vc_custom_1684244916384{margin-bottom: 30px !important;}&#8221;]<\/p>\n<h2 style=\"text-align: center;\">Hablan de nosotros<\/h2>\n<p>[\/vc_column_text][vc_row_inner][vc_column_inner width=&#8221;1\/3&#8243;][\/vc_column_inner][vc_column_inner width=&#8221;1\/3&#8243;][vc_raw_html]JTVCc21hcnRzbGlkZXIzJTIwc2xpZGVyJTNEJTIyMyUyMiU1RA==[\/vc_raw_html][\/vc_column_inner][vc_column_inner width=&#8221;1\/3&#8243;][\/vc_column_inner][\/vc_row_inner][vc_row_inner content_placement=&#8221;middle&#8221;][vc_column_inner][vc_raw_html]JTNDYnIlM0UlMEElM0NiciUzRSUwQSUzQ2JyJTNFJTBBJTNDYnIlM0U=[\/vc_raw_html][\/vc_column_inner][\/vc_row_inner][\/vc_column][\/vc_row][vc_row][vc_column][vc_row_inner][vc_column_inner][vc_single_image image=&#8221;555&#8243; img_size=&#8221;full&#8221; alignment=&#8221;center&#8221; css_animation=&#8221;fadeInUp&#8221;][vc_raw_html]JTNDJTJGYnIlM0UlMEElM0MlMkZiciUzRSUwQQ==[\/vc_raw_html][\/vc_column_inner][\/vc_row_inner][vc_column_text css_animation=&#8221;fadeInUp&#8221;]<\/p>\n<h2 style=\"text-align: center; margin-top: 25px; margin-bottom: 25px;\">Suscribete<\/h2>\n<p style=\"text-align: center;\">\u00a1No pierdas la oportunidad de ser el primero en probar nuestra aplicaci\u00f3n de navegaci\u00f3n GPS para veh\u00edculos pesados! Reg\u00edstrate ahora y obt\u00e9n acceso exclusivo a nuestra versi\u00f3n beta. Te mantendremos informado sobre todas las actualizaciones y te avisaremos cuando la aplicaci\u00f3n est\u00e9 lista. \u00a1\u00danete a la revoluci\u00f3n de Brodriver!<\/p>\n<p>&nbsp;[\/vc_column_text][vc_row_inner][vc_column_inner width=&#8221;1\/3&#8243;]<div class=\"contact-info res-margin\" ><h5><span class=\"icon icon-basic-geolocalize-05\"><\/span>Direcci\u00f3n<\/h5>\r\n                <p>Calle Salzillo 9, 1D, Edif Centrodulce, Roquetas de mar, 04740\u00a0 Almeria \u2013 Espa\u00f1a<\/p><h5><span class=\"icon icon-basic-mail\"><\/span>Email<\/h5>\r\n                <p><a href=\"mailto:info@brodriver.com\">info@brodriver.com<\/a><\/p><\/div>[\/vc_column_inner][vc_column_inner width=&#8221;2\/3&#8243;]\n<div class=\"wpcf7 no-js\" id=\"wpcf7-f131-o1\" lang=\"en-US\" dir=\"ltr\" data-wpcf7-id=\"131\">\n<div class=\"screen-reader-response\"><p role=\"status\" aria-live=\"polite\" aria-atomic=\"true\"><\/p> <ul><\/ul><\/div>\n<form action=\"\/website\/wp-json\/wp\/v2\/pages\/396#wpcf7-f131-o1\" method=\"post\" class=\"wpcf7-form init\" aria-label=\"Contact form\" novalidate=\"novalidate\" data-status=\"init\">\n<fieldset class=\"hidden-fields-container\"><input type=\"hidden\" name=\"_wpcf7\" value=\"131\" \/><input type=\"hidden\" name=\"_wpcf7_version\" value=\"6.1.5\" \/><input type=\"hidden\" name=\"_wpcf7_locale\" value=\"en_US\" \/><input type=\"hidden\" name=\"_wpcf7_unit_tag\" value=\"wpcf7-f131-o1\" \/><input type=\"hidden\" name=\"_wpcf7_container_post\" value=\"0\" \/><input type=\"hidden\" name=\"_wpcf7_posted_data_hash\" value=\"\" \/><input type=\"hidden\" name=\"_wpcf7_recaptcha_response\" value=\"\" \/>\n<\/fieldset>\n<div class=\"row\">\n\t<div class=\"col-12 col-lg-6 col-xs-12 col-sm-12\">\n\t\t<div class=\"form-group mt-2 mb-3\">\n\t\t\t<p><label>Nombre<br \/>\n<span class=\"wpcf7-form-control-wrap\" data-name=\"tu-nombre\"><input size=\"40\" maxlength=\"400\" class=\"wpcf7-form-control wpcf7-text wpcf7-validates-as-required form-control\" aria-required=\"true\" aria-invalid=\"false\" placeholder=\"Escribe tu nombre\" value=\"\" type=\"text\" name=\"tu-nombre\" \/><\/span><\/label>\n\t\t\t<\/p>\n\t\t<\/div>\n\t<\/div>\n\t<div class=\"col-12 col-lg-6 col-xs-12 col-sm-12\">\n\t\t<div class=\"form-group mt-2 mb-3\">\n\t\t\t<p><label>Email <span class=\"wpcf7-form-control-wrap\" data-name=\"tu-email\"><input size=\"40\" maxlength=\"400\" class=\"wpcf7-form-control wpcf7-email wpcf7-validates-as-required wpcf7-text wpcf7-validates-as-email form-control\" aria-required=\"true\" aria-invalid=\"false\" placeholder=\"Escribe tu email\" value=\"\" type=\"email\" name=\"tu-email\" \/><\/span><\/label>\n\t\t\t<\/p>\n\t\t<\/div>\n\t<\/div>\n\t<div class=\"col-12 col-lg-6 col-xs-12 col-sm-12\">\n\t\t<div class=\"form-group mt-2 mb-3\">\n\t\t\t<p><label>Tel\u00e9fono <span class=\"wpcf7-form-control-wrap\" data-name=\"tu-telefono\"><input size=\"40\" maxlength=\"400\" class=\"wpcf7-form-control wpcf7-text wpcf7-validates-as-required form-control\" aria-required=\"true\" aria-invalid=\"false\" placeholder=\"Escribe tu tel\u00e9fono\" value=\"\" type=\"text\" name=\"tu-telefono\" \/><\/span><\/label>\n\t\t\t<\/p>\n\t\t<\/div>\n\t<\/div>\n\t<div class=\"col-12 col-lg-6 col-xs-12 col-sm-12\">\n\t\t<div class=\"form-group mt-2 mb-3\">\n\t\t\t<p><label>\u00bfDesde qu\u00e9 pa\u00eds nos ves? <span class=\"wpcf7-form-control-wrap\" data-name=\"tu-pais\"><select class=\"wpcf7-form-control wpcf7-select wpcf7-validates-as-required form-control\" id=\"tu-pais\" aria-required=\"true\" aria-invalid=\"false\" name=\"tu-pais\"><option value=\"\">&#8212;Please choose an option&#8212;<\/option><option value=\"Argentina\">Argentina<\/option><option value=\"Belgium\">Belgium<\/option><option value=\"Bol\u00edvia\">Bol\u00edvia<\/option><option value=\"Brazil\">Brazil<\/option><option value=\"Canada\">Canada<\/option><option value=\"Espa\u00f1a\">Espa\u00f1a<\/option><option value=\"Ecuador\">Ecuador<\/option><option value=\"France\">France<\/option><option value=\"Germany\">Germany<\/option><option value=\"Italy\">Italy<\/option><option value=\"Mexico\">Mexico<\/option><option value=\"Netherlands\">Netherlands<\/option><option value=\"Per\u00fa\">Per\u00fa<\/option><option value=\"Poland\">Poland<\/option><option value=\"Portugal\">Portugal<\/option><option value=\"Romania\">Romania<\/option><option value=\"Switzerland\">Switzerland<\/option><option value=\"United Kingdom\">United Kingdom<\/option><option value=\"United States\">United States<\/option><\/select><\/span><\/label>\n\t\t\t<\/p>\n\t\t<\/div>\n\t<\/div>\n\t<div class=\"col-12 col-lg-12 col-xs-12 col-sm-12\">\n\t\t<div class=\"form-group mt-2 mb-3\">\n\t\t\t<p><label>\u00bfQue veh\u00edculo conduces? <span class=\"wpcf7-form-control-wrap\" data-name=\"tu-vehiculo\"><select class=\"wpcf7-form-control wpcf7-select wpcf7-validates-as-required form-control\" id=\"tu-vehiculo\" aria-required=\"true\" aria-invalid=\"false\" name=\"tu-vehiculo\"><option value=\"\">&#8212;Please choose an option&#8212;<\/option><option value=\"Cami\u00f3n\">Cami\u00f3n<\/option><option value=\"Autob\u00fas\">Autob\u00fas<\/option><option value=\"Taxi\">Taxi<\/option><option value=\"Auto Caravana\">Auto Caravana<\/option><option value=\"Coche\">Coche<\/option><option value=\"Moto\">Moto<\/option><\/select><\/span><\/label>\n\t\t\t<\/p>\n\t\t<\/div>\n\t<\/div>\n<\/div>\n<div class=\"row\">\n\t<div class=\"col-12 col-lg-12 mt-2\">\n\t\t<p><span class=\"wpcf7-form-control-wrap\" data-name=\"opt-in\"><span class=\"wpcf7-form-control wpcf7-acceptance\"><span class=\"wpcf7-list-item\"><input type=\"checkbox\" name=\"opt-in\" value=\"1\" aria-invalid=\"false\" \/><\/span><\/span><\/span> He le\u00eddo las <a href=\"\/website\/politicas-privacidad\/\" target=\"_blank\">pol\u00edtica de privacidad<\/a> y la <a href=\"\/website\/politicas-cookies\/\" target=\"_blank\">pol\u00edtica de cookies<\/a> la cual acepto sin reservas.<br \/>\n<br \/>\n<input class=\"wpcf7-form-control wpcf7-submit has-spinner btn\" id=\"btnEnviar\" type=\"submit\" value=\"SUSCRIBIRME\" \/>\n\t\t<\/p>\n\t<\/div>\n<\/div><div class=\"wpcf7-response-output\" aria-hidden=\"true\"><\/div>\n<\/form>\n<\/div>\n[\/vc_column_inner][\/vc_row_inner][\/vc_column][\/vc_row][\/vc_section]<\/p>\n<\/section>","protected":false},"excerpt":{"rendered":"<p>[vc_section el_id=&#8221;banner&#8221;][vc_row][vc_column][\/vc_column][\/vc_row][\/vc_section][vc_section el_id=&#8221;que-es-brodriver&#8221; el_class=&#8221;section-box bg-grey&#8221;][vc_row content_placement=&#8221;middle&#8221;][vc_column width=&#8221;2\/5&#8243;][vc_column_text css_animation=&#8221;fadeInUp&#8221; css=&#8221;.vc_custom_1684146730024{margin-top: 0px !important;}&#8221;] \u00bfQu\u00e9 es Brodriver? &nbsp; Brodriver es una aplicaci\u00f3n de navegaci\u00f3n GPS (SaaS) dise\u00f1ada espec\u00edficamente para veh\u00edculos pesados creada a partir de las recomendaciones de miles de camioneros en todo el mundo y nuestra experiencia de m\u00e1s de 10 a\u00f1os en navegaci\u00f3n GPS. Nuestra herramienta [&hellip;]<\/p>\n","protected":false},"author":1,"featured_media":0,"parent":0,"menu_order":0,"comment_status":"closed","ping_status":"closed","template":"templates\/front.php","meta":{"footnotes":""},"class_list":["post-396","page","type-page","status-publish","hentry"],"yoast_head":"<!-- This site is optimized with the Yoast SEO plugin v27.6 - https:\/\/yoast.com\/product\/yoast-seo-wordpress\/ -->\n<title>Home - Brodriver<\/title>\n<meta name=\"description\" content=\"Descubre el poder de Brodriver. Explora nuestras soluciones innovadoras, servicio excepcional y avanza hacia el \u00e9xito.\" \/>\n<meta name=\"robots\" content=\"index, follow, max-snippet:-1, max-image-preview:large, max-video-preview:-1\" \/>\n<link rel=\"canonical\" href=\"https:\/\/brodriver.com\/website\/\" \/>\n<meta property=\"og:locale\" content=\"es_ES\" \/>\n<meta property=\"og:type\" content=\"article\" \/>\n<meta property=\"og:title\" content=\"Home - Brodriver\" \/>\n<meta property=\"og:description\" content=\"Descubre el poder de Brodriver. Explora nuestras soluciones innovadoras, servicio excepcional y avanza hacia el \u00e9xito.\" \/>\n<meta property=\"og:url\" content=\"https:\/\/brodriver.com\/website\/\" \/>\n<meta property=\"og:site_name\" content=\"Brodriver\" \/>\n<meta property=\"article:modified_time\" content=\"2023-05-18T10:08:02+00:00\" \/>\n<meta name=\"twitter:card\" content=\"summary_large_image\" \/>\n<meta name=\"twitter:label1\" content=\"Tiempo de lectura\" \/>\n\t<meta name=\"twitter:data1\" content=\"3 minutos\" \/>\n<script type=\"application\/ld+json\" class=\"yoast-schema-graph\">{\"@context\":\"https:\\\/\\\/schema.org\",\"@graph\":[{\"@type\":\"WebPage\",\"@id\":\"https:\\\/\\\/brodriver.com\\\/website\\\/\",\"url\":\"https:\\\/\\\/brodriver.com\\\/website\\\/\",\"name\":\"Home - Brodriver\",\"isPartOf\":{\"@id\":\"https:\\\/\\\/brodriver.com\\\/website\\\/#website\"},\"datePublished\":\"2023-04-27T08:48:02+00:00\",\"dateModified\":\"2023-05-18T10:08:02+00:00\",\"description\":\"Descubre el poder de Brodriver. Explora nuestras soluciones innovadoras, servicio excepcional y avanza hacia el \u00e9xito.\",\"breadcrumb\":{\"@id\":\"https:\\\/\\\/brodriver.com\\\/website\\\/#breadcrumb\"},\"inLanguage\":\"es\",\"potentialAction\":[{\"@type\":\"ReadAction\",\"target\":[\"https:\\\/\\\/brodriver.com\\\/website\\\/\"]}]},{\"@type\":\"BreadcrumbList\",\"@id\":\"https:\\\/\\\/brodriver.com\\\/website\\\/#breadcrumb\",\"itemListElement\":[{\"@type\":\"ListItem\",\"position\":1,\"name\":\"Portada\",\"item\":\"https:\\\/\\\/brodriver.com\\\/website\\\/\"},{\"@type\":\"ListItem\",\"position\":2,\"name\":\"Home\"}]},{\"@type\":\"WebSite\",\"@id\":\"https:\\\/\\\/brodriver.com\\\/website\\\/#website\",\"url\":\"https:\\\/\\\/brodriver.com\\\/website\\\/\",\"name\":\"Brodriver\",\"description\":\"\",\"potentialAction\":[{\"@type\":\"SearchAction\",\"target\":{\"@type\":\"EntryPoint\",\"urlTemplate\":\"https:\\\/\\\/brodriver.com\\\/website\\\/?s={search_term_string}\"},\"query-input\":{\"@type\":\"PropertyValueSpecification\",\"valueRequired\":true,\"valueName\":\"search_term_string\"}}],\"inLanguage\":\"es\"}]}<\/script>\n<!-- \/ Yoast SEO plugin. -->","yoast_head_json":{"title":"Home - Brodriver","description":"Descubre el poder de Brodriver. Explora nuestras soluciones innovadoras, servicio excepcional y avanza hacia el \u00e9xito.","robots":{"index":"index","follow":"follow","max-snippet":"max-snippet:-1","max-image-preview":"max-image-preview:large","max-video-preview":"max-video-preview:-1"},"canonical":"https:\/\/brodriver.com\/website\/","og_locale":"es_ES","og_type":"article","og_title":"Home - Brodriver","og_description":"Descubre el poder de Brodriver. Explora nuestras soluciones innovadoras, servicio excepcional y avanza hacia el \u00e9xito.","og_url":"https:\/\/brodriver.com\/website\/","og_site_name":"Brodriver","article_modified_time":"2023-05-18T10:08:02+00:00","twitter_card":"summary_large_image","twitter_misc":{"Tiempo de lectura":"3 minutos"},"schema":{"@context":"https:\/\/schema.org","@graph":[{"@type":"WebPage","@id":"https:\/\/brodriver.com\/website\/","url":"https:\/\/brodriver.com\/website\/","name":"Home - Brodriver","isPartOf":{"@id":"https:\/\/brodriver.com\/website\/#website"},"datePublished":"2023-04-27T08:48:02+00:00","dateModified":"2023-05-18T10:08:02+00:00","description":"Descubre el poder de Brodriver. Explora nuestras soluciones innovadoras, servicio excepcional y avanza hacia el \u00e9xito.","breadcrumb":{"@id":"https:\/\/brodriver.com\/website\/#breadcrumb"},"inLanguage":"es","potentialAction":[{"@type":"ReadAction","target":["https:\/\/brodriver.com\/website\/"]}]},{"@type":"BreadcrumbList","@id":"https:\/\/brodriver.com\/website\/#breadcrumb","itemListElement":[{"@type":"ListItem","position":1,"name":"Portada","item":"https:\/\/brodriver.com\/website\/"},{"@type":"ListItem","position":2,"name":"Home"}]},{"@type":"WebSite","@id":"https:\/\/brodriver.com\/website\/#website","url":"https:\/\/brodriver.com\/website\/","name":"Brodriver","description":"","potentialAction":[{"@type":"SearchAction","target":{"@type":"EntryPoint","urlTemplate":"https:\/\/brodriver.com\/website\/?s={search_term_string}"},"query-input":{"@type":"PropertyValueSpecification","valueRequired":true,"valueName":"search_term_string"}}],"inLanguage":"es"}]}},"_links":{"self":[{"href":"https:\/\/brodriver.com\/website\/wp-json\/wp\/v2\/pages\/396","targetHints":{"allow":["GET"]}}],"collection":[{"href":"https:\/\/brodriver.com\/website\/wp-json\/wp\/v2\/pages"}],"about":[{"href":"https:\/\/brodriver.com\/website\/wp-json\/wp\/v2\/types\/page"}],"author":[{"embeddable":true,"href":"https:\/\/brodriver.com\/website\/wp-json\/wp\/v2\/users\/1"}],"replies":[{"embeddable":true,"href":"https:\/\/brodriver.com\/website\/wp-json\/wp\/v2\/comments?post=396"}],"version-history":[{"count":0,"href":"https:\/\/brodriver.com\/website\/wp-json\/wp\/v2\/pages\/396\/revisions"}],"wp:attachment":[{"href":"https:\/\/brodriver.com\/website\/wp-json\/wp\/v2\/media?parent=396"}],"curies":[{"name":"wp","href":"https:\/\/api.w.org\/{rel}","templated":true}]}}